{"id":71,"date":"2015-04-16T12:10:51","date_gmt":"2015-04-16T11:10:51","guid":{"rendered":"http:\/\/www.photoclubperignat-allier.com\/?page_id=71"},"modified":"2016-01-16T20:34:31","modified_gmt":"2016-01-16T19:34:31","slug":"concours-2015","status":"publish","type":"page","link":"https:\/\/www.photoclubperignat-allier.com\/?page_id=71","title":{"rendered":"Concours 2015"},"content":{"rendered":"<p style=\"text-align: center;\"><strong>4\u00e8me concours National d\u2019art photographique de P\u00e9rignat-sur-Allier Janvier 2015<\/strong><br \/>\nConcours ouvert \u00e0 tous \u2013 <span style=\"color: #ff0000;\">Cl\u00f4tur\u00e9<\/span><br \/>\nJugement termin\u00e9 depuis le 24 Janvier 2015.<\/p>\n<hr \/>\n<p style=\"text-align: center;\"><a href=\"https:\/\/www.facebook.com\/concours63\" target=\"_blank\"><img decoding=\"async\" loading=\"lazy\" class=\"alignnone wp-image-97\" src=\"http:\/\/www.photoclubperignat-allier.com\/wp-content\/uploads\/2015\/04\/logo-facebook.jpg\" alt=\"logo-facebook\" width=\"159\" height=\"41\" srcset=\"https:\/\/www.photoclubperignat-allier.com\/wp-content\/uploads\/2015\/04\/logo-facebook.jpg 310w, https:\/\/www.photoclubperignat-allier.com\/wp-content\/uploads\/2015\/04\/logo-facebook-300x77.jpg 300w\" sizes=\"(max-width: 159px) 100vw, 159px\" \/><\/a><\/p>\n<hr \/>\n<p style=\"text-align: center;\"><a href=\"http:\/\/www.photoclubperignat-allier.com\/wp-content\/uploads\/2015\/04\/partenaires2015.jpg\"><img decoding=\"async\" loading=\"lazy\" class=\"alignnone size-full wp-image-96\" src=\"http:\/\/www.photoclubperignat-allier.com\/wp-content\/uploads\/2015\/04\/partenaires2015.jpg\" alt=\"Partenaires 2015\" width=\"526\" height=\"419\" srcset=\"https:\/\/www.photoclubperignat-allier.com\/wp-content\/uploads\/2015\/04\/partenaires2015.jpg 526w, https:\/\/www.photoclubperignat-allier.com\/wp-content\/uploads\/2015\/04\/partenaires2015-300x239.jpg 300w\" sizes=\"(max-width: 526px) 100vw, 526px\" \/><\/a><\/p>\n<hr \/>\n<p style=\"text-align: center;\"><strong>Interviews du jury du concours d\u2019art photographique de P\u00e9rignat-sur-Allier 2015<\/strong><\/p>\n<p style=\"text-align: center;\">Victor Coucosh <a href=\"http:\/\/www.photoclubperignat-allier.com\/1835-2\/\" target=\"_blank\">Bio<\/a> \u2013 <a href=\"http:\/\/www.coucosh.fr\/\" target=\"_blank\">Site<\/a> \u2013 <a href=\"http:\/\/www.photoclubperignat-allier.com\/conference-victor-coucosh\/\" target=\"_blank\">Conf\u00e9rence<\/a> \u2013 <a title=\"Exposition de Victor Coucosh \u2013 La prose du transilien\" href=\"http:\/\/www.photoclubperignat-allier.com\/exposition-de-victor-coucosh-la-prose-du-transilien\/\">Exposition <\/a>&#8211; Juge 01<br \/>\nThierry Ch\u00e9riot <a title=\"Site Thierry Ch\u00e9riot\" href=\"http:\/\/portfolio.phototem.com\/ASCPF-index.asp?NumAuteur=47\" target=\"_blank\">Site<\/a> \u2013 Juge 02<br \/>\nPascal Aimar <a href=\"http:\/\/tendancefloue.net\/pascalaimar\/en\/bio\/\" target=\"_blank\">Bio<\/a> \u2013 Juge 03<\/p>\n<p style=\"text-align: center;\"><a href=\"https:\/\/www.youtube.com\/watch?v=89nqjO7wlTY\" target=\"_blank\"><img decoding=\"async\" loading=\"lazy\" class=\"alignnone size-full wp-image-98\" src=\"http:\/\/www.photoclubperignat-allier.com\/wp-content\/uploads\/2015\/04\/vignette-vido.jpg\" alt=\"vignette-vido\" width=\"284\" height=\"160\" \/>\u00a0<\/a><\/p>\n<p style=\"text-align: center;\"><a href=\"https:\/\/www.youtube.com\/watch?v=mka-y4iACUo\" target=\"_blank\"><img decoding=\"async\" loading=\"lazy\" class=\"alignnone size-full wp-image-101\" src=\"http:\/\/www.photoclubperignat-allier.com\/wp-content\/uploads\/2015\/04\/vignette-vido-thierry-cheriot-video.jpg\" alt=\"vignette-vido-thierry-cheriot-video\" width=\"284\" height=\"160\" \/><\/a><\/p>\n<p style=\"text-align: center;\"><a href=\"https:\/\/www.youtube.com\/watch?v=e0GoD1y0Y30\" target=\"_blank\"><img decoding=\"async\" loading=\"lazy\" class=\"alignnone size-full wp-image-100\" src=\"http:\/\/www.photoclubperignat-allier.com\/wp-content\/uploads\/2015\/04\/vignette-vido-pascal-aimar-video.jpg\" alt=\"vignette-vido-pascal-aimar-video\" width=\"284\" height=\"160\" \/><\/a><\/p>\n<p>&nbsp;<\/p>\n<hr \/>\n<p style=\"text-align: center;\"><strong>D\u00e9roulement du jugement 2015<\/strong><\/p>\n<p style=\"text-align: center;\"><a href=\"https:\/\/www.youtube.com\/watch?v=xKMM3wfzcZ0\" target=\"_blank\"><img decoding=\"async\" loading=\"lazy\" class=\"alignnone wp-image-99 size-full\" src=\"http:\/\/www.photoclubperignat-allier.com\/wp-content\/uploads\/2015\/04\/vignette-vido_jugement2015.jpg\" alt=\"vignette-vido_jugement2015\" width=\"284\" height=\"160\" \/><\/a><\/p>\n<hr \/>\n<p>&nbsp;<\/p>\n<p><strong>Conf\u00e9rence de Victor Coucosh<br \/>\n<\/strong>21 F\u00e9vrier 2015 \u00e0 P\u00e9rignat-sur-Allier<br \/>\n<a href=\"http:\/\/www.photoclubperignat-allier.com\/conference-victor-coucosh\" target=\"_blank\">\u00ab Tendances dans la photographie contemporaine \u00bb<\/a><\/p>\n<hr \/>\n<p>&nbsp;<\/p>\n<p style=\"text-align: center;\"><strong>Le mot du pr\u00e9sident<\/strong><\/p>\n<p style=\"text-align: left;\">Cette ann\u00e9e nous en sommes d\u00e9j\u00e0 a notre 4\u00e8me concours national d\u2019Art Photographique. En plus des cat\u00e9gories papier monochrome et couleur, cette ann\u00e9e, \u00e0 la demande de plusieurs participants nous avons ajout\u00e9 la cat\u00e9gorie nature couleur.<br \/>\nOrganiser un concours de cette envergure n\u2019est pas une mince affaire, c\u2019est pourquoi je tiens a remercier en premier lieu nos partenaires qui s\u2019impliquent financi\u00e8rement dans cet \u00e9v\u00e9nement national, les participants qui nous envoient leurs meilleurs clich\u00e9s et la F\u00e9d\u00e9ration Photographique de France qui nous accorde son patronage.<br \/>\nPour le pr\u00eat des salles, la pr\u00e9paration, la r\u00e9alisation et la mise en place de l\u2019exposition, je dis un grand merci \u00e0 la commune, \u00e0 la commission extra-municipale culture et a tous les adh\u00e9rents du club photo qui sont impliqu\u00e9s a la pr\u00e9paration et au bon d\u00e9roulement de cette manifestation. Sans eux le concours ne pourrait avoir lieu.<br \/>\nPlus de 200 \u0153uvres seront expos\u00e9es dans la Salle des Mariages et dans la Salle Onslow de la Mairie de P\u00e9rignat-sur-Allier.<br \/>\nUn \u00e9v\u00e9nement de cette importance se pr\u00e9pare a partir du mois de novembre et se termine fin mars, lorsque les colis ont \u00e9t\u00e9 exp\u00e9di\u00e9s.<br \/>\nCette ann\u00e9e nous aurons la joie de recevoir un jury d\u2019exception, qui le 24 et 25 janvier va avoir la dure t\u00e2che de d\u00e9partager les photos. Il sera compos\u00e9 de juges avertis : Victor Coucosh, Thierry Ch\u00e9riot et le photographe professionnel auvergnat Pascal Aimar travaillant a l\u2019agence Tendance Floue.<br \/>\nVictor Coucosh exposera ses \u0153uvres qui lui ont valu le Grand Prix Auteur national en 2013. Cette exposition aura lieu a la Maison Grenouille.<br \/>\nIl donnera \u00e9galement une conf\u00e9rence dont le th\u00e8me est\u00a0:<br \/>\n<strong>\u00ab\u00a0Tendances dans la photographie contemporaine\u00a0\u00bb<\/strong><\/p>\n<p style=\"text-align: left;\">Notre objectif est de pr\u00e9senter une exposition unique en Auvergne. Les visiteurs, simples amateurs ou connaisseurs, pourront c\u00f4toyer et \u00e9changer avec les photographes autour de plus de 200 photos qui leur seront propos\u00e9es.<br \/>\nAlors j\u2019incite les \u00a0amateurs de belles images de participer au concours et se retrouver lors de l\u2019exposition.<br \/>\nLe pr\u00e9sident du club photo de P\u00e9rignat sur Allier et organisateur du concours.<\/p>\n<p style=\"text-align: right;\">Armand Amenta<\/p>\n<hr \/>\n<p style=\"text-align: center;\">\u00a0<em><strong>Informations g\u00e9n\u00e9rales<\/strong><br \/>\nUn <a title=\"Catalogue Concours\" href=\"http:\/\/www.photoclubperignat-allier.com\/catalogue-concours\/\">catalogue <\/a>des meilleures photos sera remis \u00e0 tous les participants.<\/em><\/p>\n<table width=\"689\" cellspacing=\"0\" cellpadding=\"5\">\n<tbody>\n<tr>\n<td><em>Date limite de r\u00e9ception des envois<\/em><\/td>\n<td><em>17 janvier 2015<strong><br \/>\n<\/strong><\/em><\/td>\n<\/tr>\n<tr>\n<td><a title=\"Le jugement\" href=\"http:\/\/www.photoclubperignat-allier.com\/le-jugement\/\" target=\"_blank\"><em>Jugement <\/em><\/a><\/td>\n<td><em><em><em><em>24 janvier 2015<\/em><\/em><\/em><\/em><\/td>\n<\/tr>\n<tr>\n<td><em>Notification des r\u00e9sultats sur le site du club<\/em><\/td>\n<td><em><em><em><em><em>31 janvier 2015<\/em><\/em><\/em><\/em><\/em><\/td>\n<\/tr>\n<tr>\n<td><em>Exposition, salle de la mairie de P\u00e9rignat-sur-Allier<\/em><\/td>\n<td><em><em>du 21 f\u00e9vrier au 1 mars 2015<br \/>\n<\/em><\/em><\/td>\n<\/tr>\n<\/tbody>\n<\/table>\n<p>R\u00e8glement : <a href=\"http:\/\/www.photoclubperignat-allier.com\/wp-content\/uploads\/2015\/04\/reglement_concours_2015_d.pdf\">reglement_concours_2015_d<\/a><br \/>\nBordereau au format Word (\u00e0 privil\u00e9gier pour faciliter la tache des b\u00e9n\u00e9voles) :\u00a0<a href=\"http:\/\/www.photoclubperignat-allier.com\/wp-content\/uploads\/2015\/04\/bordereau_2015.pdf\">bordereau_2015<\/a> (<a href=\"http:\/\/www.youtube.com\/watch?v=RdX-56uSYq4\" target=\"_blank\">le tuto pour tout comprendre<\/a>)<em><em><em><br \/>\n<\/em><\/em><\/em><\/p>\n<p>Bordereau au format Pdf (pr\u00e9f\u00e9rez le bordereau au format Word ci-dessus si possible) :<br \/>\nWord : <a href=\"http:\/\/www.photoclubperignat-allier.com\/wp-content\/uploads\/2015\/04\/bordereau_2015.zip\">bordereau_2015<\/a><br \/>\nPdf : <a href=\"http:\/\/www.photoclubperignat-allier.com\/wp-content\/uploads\/2015\/04\/bordereau_2015.pdf\">bordereau_2015<\/a><\/p>\n<p>Pour vous aider : Fichier pour \u00e9tiquettes Agipa 119013 au format Word\u00a0<a href=\"http:\/\/www.photoclubperignat-allier.com\/wp-content\/uploads\/2015\/04\/agipa119013_etiquettes-concours_perignat2014.zip\">agipa119013_etiquettes-concours_perignat2014<\/a> et au format Pdf\u00a0<a href=\"http:\/\/www.photoclubperignat-allier.com\/wp-content\/uploads\/2015\/04\/agipa119013_etiquettes-concours_perignat2014.pdf\">agipa119013_etiquettes-concours_perignat2014<\/a> (<a href=\"http:\/\/www.youtube.com\/watch?v=jBlH3AMACAo\" target=\"_blank\">le tuto pour tout comprendre<\/a>)<\/p>\n<p>Pour vous aider : Tuto pour r\u00e9aliser un passe-partout (Marie Louise) (<a href=\"https:\/\/www.youtube.com\/watch?v=3Hpf34As6YY\" target=\"_blank\">le tuto pour tout comprendre<\/a>)<\/p>\n<hr \/>\n<p>&nbsp;<\/p>\n<p style=\"text-align: center;\"><strong>Statistiques<\/strong><\/p>\n<table border=\"0\" width=\"466\" cellspacing=\"0\" cellpadding=\"0\">\n<colgroup>\n<col width=\"99\" \/>\n<col width=\"94\" \/>\n<col width=\"56\" \/>\n<col width=\"104\" \/>\n<col width=\"113\" \/><\/colgroup>\n<tbody>\n<tr>\n<td width=\"99\" height=\"20\">Cat\u00e9gories<\/td>\n<td width=\"94\">Photos re\u00e7ues<\/td>\n<td width=\"56\">Auteurs<\/td>\n<td width=\"104\">Photos admises<\/td>\n<td width=\"113\">Photos expos\u00e9es<\/td>\n<\/tr>\n<tr>\n<td height=\"20\">Couleur Papier<\/td>\n<td align=\"right\">646<\/td>\n<td align=\"right\">221<\/td>\n<td align=\"right\">115<\/td>\n<td align=\"right\">115<\/td>\n<\/tr>\n<tr>\n<td height=\"20\">Monochrome<\/td>\n<td align=\"right\">482<\/td>\n<td align=\"right\">170<\/td>\n<td align=\"right\">98<\/td>\n<td align=\"right\">98<\/td>\n<\/tr>\n<tr>\n<td height=\"20\">Nature<\/td>\n<td align=\"right\">\u00a0318<\/td>\n<td align=\"right\">106<\/td>\n<td align=\"right\">57<\/td>\n<td align=\"right\">57<\/td>\n<\/tr>\n<tr>\n<td height=\"20\">Total<\/td>\n<td align=\"right\">1446<\/td>\n<td align=\"right\">271<\/td>\n<td align=\"right\">270<\/td>\n<td align=\"right\">\u00a0270<\/td>\n<\/tr>\n<\/tbody>\n<\/table>\n<hr \/>\n<p style=\"text-align: center;\"><strong>R\u00e9sultats<br \/>\n<\/strong>Palmar\u00e8s, Cat\u00e9gorie Couleur, Cat\u00e9gorie Monochrome, Cat\u00e9gorie Nature :\u00a0<strong><a title=\"R\u00e9sultats 2015\" href=\"http:\/\/www.photoclubperignat-allier.com\/stock\/concours\/2015\/notifications_2015.zip\" target=\"_blank\"> t\u00e9l\u00e9chargeables ici<\/a><\/strong><\/p>\n<p style=\"text-align: center;\">Vernissage et pr\u00e9sentation des prix avec les photos en vid\u00e9o <a title=\"Concours 2015 \u2013 Les coulisses\" href=\"http:\/\/www.photoclubperignat-allier.com\/concours-2015-les-coulisses\/\">ici<\/a><\/p>\n","protected":false},"excerpt":{"rendered":"<p>4\u00e8me concours National d\u2019art photographique de P\u00e9rignat-sur-Allier Janvier 2015 Concours ouvert \u00e0 tous \u2013 Cl\u00f4tur\u00e9 Jugement termin\u00e9 depuis le 24 Janvier 2015. Interviews du jury du concours d\u2019art photographique de P\u00e9rignat-sur-Allier 2015 Victor Coucosh Bio \u2013 Site \u2013 Conf\u00e9rence \u2013 Exposition &#8211; Juge 01 Thierry Ch\u00e9riot Site \u2013 Juge 02 Pascal Aimar Bio \u2013 Juge &hellip; <a href=\"https:\/\/www.photoclubperignat-allier.com\/?page_id=71\" class=\"more-link\">Continuer la lecture de <span class=\"screen-reader-text\">Concours 2015<\/span>  <span class=\"meta-nav\">&rarr;<\/span><\/a><\/p>\n","protected":false},"author":1,"featured_media":0,"parent":0,"menu_order":0,"comment_status":"closed","ping_status":"closed","template":"","meta":[],"_links":{"self":[{"href":"https:\/\/www.photoclubperignat-allier.com\/index.php?rest_route=\/wp\/v2\/pages\/71"}],"collection":[{"href":"https:\/\/www.photoclubperignat-allier.com\/index.php?rest_route=\/wp\/v2\/pages"}],"about":[{"href":"https:\/\/www.photoclubperignat-allier.com\/index.php?rest_route=\/wp\/v2\/types\/page"}],"author":[{"embeddable":true,"href":"https:\/\/www.photoclubperignat-allier.com\/index.php?rest_route=\/wp\/v2\/users\/1"}],"replies":[{"embeddable":true,"href":"https:\/\/www.photoclubperignat-allier.com\/index.php?rest_route=%2Fwp%2Fv2%2Fcomments&post=71"}],"version-history":[{"count":18,"href":"https:\/\/www.photoclubperignat-allier.com\/index.php?rest_route=\/wp\/v2\/pages\/71\/revisions"}],"predecessor-version":[{"id":245,"href":"https:\/\/www.photoclubperignat-allier.com\/index.php?rest_route=\/wp\/v2\/pages\/71\/revisions\/245"}],"wp:attachment":[{"href":"https:\/\/www.photoclubperignat-allier.com\/index.php?rest_route=%2Fwp%2Fv2%2Fmedia&parent=71"}],"curies":[{"name":"wp","href":"https:\/\/api.w.org\/{rel}","templated":true}]}}