{"id":614,"date":"2018-09-20T14:58:23","date_gmt":"2018-09-20T13:58:23","guid":{"rendered":"http:\/\/www.photoclubperignat-allier.com\/?page_id=614"},"modified":"2019-01-30T12:16:06","modified_gmt":"2019-01-30T11:16:06","slug":"concours-2019","status":"publish","type":"page","link":"https:\/\/www.photoclubperignat-allier.com\/?page_id=614","title":{"rendered":"Concours 2019"},"content":{"rendered":"<p style=\"text-align: center;\"><strong>8\u00e8me concours National d\u2019art photographique<br \/>\nde P\u00e9rignat-sur-Allier Janvier 2019<\/strong><\/p>\n<p style=\"text-align: center;\"><img decoding=\"async\" src=\"http:\/\/www.photoclubperignat-allier.com\/wp-content\/uploads\/2019\/01\/partenaires2019-1.jpg\" alt=\"L\u00e2\u0080\u0099attribut alt de cette image est vide, son nom de fichier est partenaires2019-1.jpg.\" \/>Patronage : 2019-05<\/p>\n<hr \/>\n<p><a href=\"https:\/\/www.facebook.com\/concours63\" target=\"_blank\" rel=\"noopener\"><img decoding=\"async\" loading=\"lazy\" class=\"alignnone wp-image-97 aligncenter\" src=\"http:\/\/www.photoclubperignat-allier.com\/wp-content\/uploads\/2015\/04\/logo-facebook.jpg\" alt=\"logo-facebook\" width=\"159\" height=\"41\" srcset=\"https:\/\/www.photoclubperignat-allier.com\/wp-content\/uploads\/2015\/04\/logo-facebook.jpg 310w, https:\/\/www.photoclubperignat-allier.com\/wp-content\/uploads\/2015\/04\/logo-facebook-300x77.jpg 300w\" sizes=\"(max-width: 159px) 100vw, 159px\" \/><\/a><\/p>\n<hr \/>\n<figure class=\"wp-block-image\"><\/figure>\n<p><strong>Jury<\/strong><\/p>\n<div>Juge 1 et pr\u00e9sident : <a href=\"http:\/\/www.photoclubperignat-allier.com\/?page_id=637\">Victor Coucosh &#8211; Bio<\/a><\/div>\n<div>Juge 2 : <a href=\"http:\/\/www.photoclubperignat-allier.com\/?page_id=633\">Jean Moreno &#8211; Bio<\/a><\/div>\n<div>Juge 3\u00a0 : <a href=\"http:\/\/www.photoclubperignat-allier.com\/?page_id=635\">Alain Becker &#8211; Bio<\/a><\/div>\n<div id=\"yui_3_16_0_1_1444226298930_3848\" dir=\"ltr\"><\/div>\n<hr \/>\n<p><strong>Le mot du pr\u00e9sident <\/strong> En cours de r\u00e9daction Armand Amenta<\/p>\n<hr \/>\n<p><strong>Informations g\u00e9n\u00e9rales<\/strong> <em> Un catalogue des meilleures photos sera remis \u00e0 tous les participants.<\/em><\/p>\n<table width=\"689\" cellspacing=\"0\" cellpadding=\"5\">\n<tbody>\n<tr>\n<td><em>Date limite de r\u00e9ception des envois<\/em><\/td>\n<td><strong><em>15 janvier 2019 <\/em><\/strong><\/td>\n<\/tr>\n<tr>\n<td><em>Jugement<\/em><\/td>\n<td><strong>18\/19 janvier 2019<\/strong><\/td>\n<\/tr>\n<tr>\n<td><em>Notification des r\u00e9sultats sur le site du club<\/em><\/td>\n<td><strong>27 janvier 2019<\/strong><\/td>\n<\/tr>\n<tr>\n<td><em>Exposition, salle de la mairie de P\u00e9rignat-sur-Allier<\/em><\/td>\n<td><em>du <strong>23 f\u00e9vrier<\/strong> au <strong>05 mars 2019<\/strong> <\/em><\/td>\n<\/tr>\n<\/tbody>\n<\/table>\n<hr \/>\n<p><a href=\"https:\/\/www.facebook.com\/concours63\" target=\"_blank\" rel=\"noopener\"><img decoding=\"async\" loading=\"lazy\" class=\"alignnone wp-image-97 aligncenter\" src=\"http:\/\/www.photoclubperignat-allier.com\/wp-content\/uploads\/2015\/04\/logo-facebook.jpg\" alt=\"logo-facebook\" width=\"159\" height=\"41\" srcset=\"https:\/\/www.photoclubperignat-allier.com\/wp-content\/uploads\/2015\/04\/logo-facebook.jpg 310w, https:\/\/www.photoclubperignat-allier.com\/wp-content\/uploads\/2015\/04\/logo-facebook-300x77.jpg 300w\" sizes=\"(max-width: 159px) 100vw, 159px\" \/><\/a><\/p>\n<hr \/>\n<p><strong>R\u00e8glement\u00a0 :<\/strong> <a href=\"http:\/\/www.photoclubperignat-allier.com\/stock\/concours\/2019\/reglement_concours_2019_projet_v3.pdf\" target=\"_blank\" rel=\"noopener\"><img decoding=\"async\" loading=\"lazy\" class=\"alignnone wp-image-195\" src=\"http:\/\/www.photoclubperignat-allier.com\/wp-content\/uploads\/2015\/10\/iconepdf.png\" alt=\"Fichier Pdf\" width=\"58\" height=\"58\" srcset=\"https:\/\/www.photoclubperignat-allier.com\/wp-content\/uploads\/2015\/10\/iconepdf.png 256w, https:\/\/www.photoclubperignat-allier.com\/wp-content\/uploads\/2015\/10\/iconepdf-150x150.png 150w\" sizes=\"(max-width: 58px) 100vw, 58px\" \/><\/a><br \/>\n<strong>Bordereau : <\/strong>au format Word (<strong>\u00e0 privil\u00e9gier<\/strong> pour faciliter la tache des b\u00e9n\u00e9voles) : <em> <a href=\"http:\/\/www.photoclubperignat-allier.com\/stock\/concours\/2019\/bordereau_2019.zip\" target=\"_blank\" rel=\"noopener\"><img decoding=\"async\" loading=\"lazy\" class=\"alignnone wp-image-199\" src=\"http:\/\/www.photoclubperignat-allier.com\/wp-content\/uploads\/2015\/10\/iconeword.png\" alt=\"iconeword\" width=\"65\" height=\"65\" srcset=\"https:\/\/www.photoclubperignat-allier.com\/wp-content\/uploads\/2015\/10\/iconeword.png 256w, https:\/\/www.photoclubperignat-allier.com\/wp-content\/uploads\/2015\/10\/iconeword-150x150.png 150w\" sizes=\"(max-width: 65px) 100vw, 65px\" \/><\/a><br \/>\n<\/em> <em>Bordereau au format Pdf (pr\u00e9f\u00e9rez le bordereau au format Word ci-dessus si possible) : <a href=\"http:\/\/www.photoclubperignat-allier.com\/stock\/concours\/2019\/bordereau_2019.pdf\" target=\"_blank\" rel=\"noopener\"><img decoding=\"async\" loading=\"lazy\" class=\"alignnone wp-image-195\" src=\"http:\/\/www.photoclubperignat-allier.com\/wp-content\/uploads\/2015\/10\/iconepdf.png\" alt=\"Fichier Pdf\" width=\"25\" height=\"25\" srcset=\"https:\/\/www.photoclubperignat-allier.com\/wp-content\/uploads\/2015\/10\/iconepdf.png 256w, https:\/\/www.photoclubperignat-allier.com\/wp-content\/uploads\/2015\/10\/iconepdf-150x150.png 150w\" sizes=\"(max-width: 25px) 100vw, 25px\" \/><\/a><\/em><br \/>\n<strong>Aide : \u00c9tiquettes<\/strong> Fichier pour \u00e9tiquettes Agipa 119013 au format Word <a href=\"http:\/\/www.photoclubperignat-allier.com\/wp-content\/uploads\/2015\/04\/agipa119013_etiquettes-concours_perignat2014.zip\" target=\"_blank\" rel=\"noopener\">Etiquettes Word<\/a> et au format Pdf <a href=\"http:\/\/www.photoclubperignat-allier.com\/wp-content\/uploads\/2015\/04\/agipa119013_etiquettes-concours_perignat2014.pdf\" target=\"_blank\" rel=\"noopener\">Etiquette Pdf<\/a> (<a href=\"http:\/\/www.youtube.com\/watch?v=jBlH3AMACAo\" target=\"_blank\" rel=\"noopener\">le tuto pour tout comprendre<\/a>)<br \/>\n<strong>Aide : Marie-Louise et Passe-Partout<\/strong> Pour vous aider : Tuto pour r\u00e9aliser un passe-partout (Marie Louise) (<a href=\"https:\/\/www.youtube.com\/watch?v=3Hpf34As6YY\" target=\"_blank\" rel=\"noopener\">le tuto pour tout comprendre<\/a>)<\/p>\n<hr \/>\n<p><strong>Statistiques<\/strong><\/p>\n<table border=\"0\" width=\"466\" cellspacing=\"0\" cellpadding=\"0\">\n<colgroup>\n<col width=\"99\" \/>\n<col width=\"94\" \/>\n<col width=\"56\" \/>\n<col width=\"104\" \/>\n<col width=\"113\" \/><\/colgroup>\n<tbody>\n<tr>\n<td width=\"99\" height=\"20\">Cat\u00e9gories<\/td>\n<td width=\"94\">Photos re\u00e7ues<\/td>\n<td width=\"56\">Auteurs<\/td>\n<td width=\"104\">Photos admises<\/td>\n<td width=\"113\">Photos expos\u00e9es<\/td>\n<\/tr>\n<tr>\n<td height=\"20\">Couleur Papier<\/td>\n<td align=\"right\">525<\/td>\n<td align=\"right\">174<\/td>\n<td align=\"right\">118<\/td>\n<td align=\"right\"><\/td>\n<\/tr>\n<tr>\n<td height=\"20\">Monochrome<\/td>\n<td align=\"right\">453<\/td>\n<td align=\"right\">151<\/td>\n<td align=\"right\">83<\/td>\n<td align=\"right\"><\/td>\n<\/tr>\n<tr>\n<td height=\"20\">Nature<\/td>\n<td align=\"right\">232<\/td>\n<td align=\"right\">88<\/td>\n<td align=\"right\">53<\/td>\n<td align=\"right\"><\/td>\n<\/tr>\n<tr>\n<td height=\"20\">Total<\/td>\n<td align=\"right\">1210<\/td>\n<td align=\"right\">227<\/td>\n<td align=\"right\">254<\/td>\n<td align=\"right\"><\/td>\n<\/tr>\n<\/tbody>\n<\/table>\n<hr \/>\n<p><strong>\u00a0<\/strong><\/p>\n<hr \/>\n<h2 style=\"text-align: center;\"><strong>Les r\u00e9sultats du concours national d&rsquo;art photographique de P\u00e9rignat-sur Allier 2019 <a href=\"http:\/\/www.photoclubperignat-allier.com\/stock\/concours\/2019\/resultats_concours_national_photo_perignat_2019.zip\">ici<\/a><\/strong><\/h2>\n<hr \/>\n<p><a href=\"https:\/\/www.facebook.com\/concours63\" target=\"_blank\" rel=\"noopener\"><img decoding=\"async\" loading=\"lazy\" class=\"wp-image-97 aligncenter\" src=\"http:\/\/www.photoclubperignat-allier.com\/wp-content\/uploads\/2015\/04\/logo-facebook.jpg\" alt=\"logo-facebook\" width=\"159\" height=\"41\" srcset=\"https:\/\/www.photoclubperignat-allier.com\/wp-content\/uploads\/2015\/04\/logo-facebook.jpg 310w, https:\/\/www.photoclubperignat-allier.com\/wp-content\/uploads\/2015\/04\/logo-facebook-300x77.jpg 300w\" sizes=\"(max-width: 159px) 100vw, 159px\" \/><img decoding=\"async\" src=\"http:\/\/www.photoclubperignat-allier.com\/wp-content\/uploads\/2019\/01\/partenaires2019-1.jpg\" alt=\"L\u00e2\u0080\u0099attribut alt de cette image est vide, son nom de fichier est partenaires2019-1.jpg.\" \/><\/a><\/p>\n<hr \/>\n<p><a href=\"https:\/\/www.facebook.com\/concours63\" target=\"_blank\" rel=\"noopener\"><img decoding=\"async\" loading=\"lazy\" class=\"wp-image-97 aligncenter\" src=\"http:\/\/www.photoclubperignat-allier.com\/wp-content\/uploads\/2015\/04\/logo-facebook.jpg\" alt=\"logo-facebook\" width=\"159\" height=\"41\" srcset=\"https:\/\/www.photoclubperignat-allier.com\/wp-content\/uploads\/2015\/04\/logo-facebook.jpg 310w, https:\/\/www.photoclubperignat-allier.com\/wp-content\/uploads\/2015\/04\/logo-facebook-300x77.jpg 300w\" sizes=\"(max-width: 159px) 100vw, 159px\" \/><\/a><\/p>\n<hr \/>\n<hr \/>\n<hr \/>\n","protected":false},"excerpt":{"rendered":"<p>8\u00e8me concours National d\u2019art photographique de P\u00e9rignat-sur-Allier Janvier 2019 Patronage : 2019-05 Jury Juge 1 et pr\u00e9sident : Victor Coucosh &#8211; Bio Juge 2 : Jean Moreno &#8211; Bio Juge 3\u00a0 : Alain Becker &#8211; Bio Le mot du pr\u00e9sident En cours de r\u00e9daction Armand Amenta Informations g\u00e9n\u00e9rales Un catalogue des meilleures photos sera remis &hellip; <a href=\"https:\/\/www.photoclubperignat-allier.com\/?page_id=614\" class=\"more-link\">Continuer la lecture de <span class=\"screen-reader-text\">Concours 2019<\/span>  <span class=\"meta-nav\">&rarr;<\/span><\/a><\/p>\n","protected":false},"author":1,"featured_media":0,"parent":0,"menu_order":0,"comment_status":"closed","ping_status":"closed","template":"","meta":[],"_links":{"self":[{"href":"https:\/\/www.photoclubperignat-allier.com\/index.php?rest_route=\/wp\/v2\/pages\/614"}],"collection":[{"href":"https:\/\/www.photoclubperignat-allier.com\/index.php?rest_route=\/wp\/v2\/pages"}],"about":[{"href":"https:\/\/www.photoclubperignat-allier.com\/index.php?rest_route=\/wp\/v2\/types\/page"}],"author":[{"embeddable":true,"href":"https:\/\/www.photoclubperignat-allier.com\/index.php?rest_route=\/wp\/v2\/users\/1"}],"replies":[{"embeddable":true,"href":"https:\/\/www.photoclubperignat-allier.com\/index.php?rest_route=%2Fwp%2Fv2%2Fcomments&post=614"}],"version-history":[{"count":25,"href":"https:\/\/www.photoclubperignat-allier.com\/index.php?rest_route=\/wp\/v2\/pages\/614\/revisions"}],"predecessor-version":[{"id":1041,"href":"https:\/\/www.photoclubperignat-allier.com\/index.php?rest_route=\/wp\/v2\/pages\/614\/revisions\/1041"}],"wp:attachment":[{"href":"https:\/\/www.photoclubperignat-allier.com\/index.php?rest_route=%2Fwp%2Fv2%2Fmedia&parent=614"}],"curies":[{"name":"wp","href":"https:\/\/api.w.org\/{rel}","templated":true}]}}