{"id":540,"date":"2017-10-11T19:06:43","date_gmt":"2017-10-11T18:06:43","guid":{"rendered":"http:\/\/www.photoclubperignat-allier.com\/?page_id=540"},"modified":"2018-01-30T15:43:45","modified_gmt":"2018-01-30T14:43:45","slug":"concours-2018","status":"publish","type":"page","link":"https:\/\/www.photoclubperignat-allier.com\/?page_id=540","title":{"rendered":"Concours 2018"},"content":{"rendered":"<p style=\"text-align: center;\"><strong>7\u00e8me concours National d\u2019art photographique<br \/>\nde P\u00e9rignat-sur-Allier Janvier 2018<\/strong><\/p>\n<p style=\"text-align: center;\"><a href=\"http:\/\/www.photoclubperignat-allier.com\/wp-content\/uploads\/2017\/12\/affiche_2018.jpg\"><img decoding=\"async\" loading=\"lazy\" class=\"aligncenter size-medium wp-image-582\" src=\"http:\/\/www.photoclubperignat-allier.com\/wp-content\/uploads\/2017\/12\/affiche_2018-212x300.jpg\" alt=\"\" width=\"212\" height=\"300\" srcset=\"https:\/\/www.photoclubperignat-allier.com\/wp-content\/uploads\/2017\/12\/affiche_2018-212x300.jpg 212w, https:\/\/www.photoclubperignat-allier.com\/wp-content\/uploads\/2017\/12\/affiche_2018.jpg 665w\" sizes=\"(max-width: 212px) 100vw, 212px\" \/><\/a><\/p>\n<p style=\"text-align: center;\">Patronage : 2018\/06<\/p>\n<hr \/>\n<p><a href=\"https:\/\/www.facebook.com\/concours63\" target=\"_blank\" rel=\"noopener\"><img decoding=\"async\" loading=\"lazy\" class=\"alignnone wp-image-97 aligncenter\" src=\"http:\/\/www.photoclubperignat-allier.com\/wp-content\/uploads\/2015\/04\/logo-facebook.jpg\" alt=\"logo-facebook\" width=\"159\" height=\"41\" srcset=\"https:\/\/www.photoclubperignat-allier.com\/wp-content\/uploads\/2015\/04\/logo-facebook.jpg 310w, https:\/\/www.photoclubperignat-allier.com\/wp-content\/uploads\/2015\/04\/logo-facebook-300x77.jpg 300w\" sizes=\"(max-width: 159px) 100vw, 159px\" \/><\/a><\/p>\n<hr \/>\n<p><img decoding=\"async\" loading=\"lazy\" class=\"aligncenter wp-image-577 size-full\" src=\"http:\/\/www.photoclubperignat-allier.com\/wp-content\/uploads\/2017\/11\/partenaires2018.jpg\" alt=\"\" width=\"526\" height=\"419\" srcset=\"https:\/\/www.photoclubperignat-allier.com\/wp-content\/uploads\/2017\/11\/partenaires2018.jpg 526w, https:\/\/www.photoclubperignat-allier.com\/wp-content\/uploads\/2017\/11\/partenaires2018-300x239.jpg 300w\" sizes=\"(max-width: 526px) 100vw, 526px\" \/><\/p>\n<p>&nbsp;<\/p>\n<hr \/>\n<p><strong>Jury<\/strong><\/p>\n<p>Juge 1 &#8211; Pr\u00e9sident du jury &#8211; Jean Houriez &#8211; <a href=\"http:\/\/www.photoclubperignat-allier.com\/?page_id=573\">Bio<\/a><\/p>\n<p>Juge 2 &#8211; Christian Latreille &#8211; <a href=\"http:\/\/www.photoclubperignat-allier.com\/?page_id=563\">Bio<\/a><\/p>\n<p>Juge 3 &#8211; Georges Bonnet &#8211; <a href=\"http:\/\/www.photoclubperignat-allier.com\/?page_id=567\">Bio<\/a><\/p>\n<div id=\"yui_3_16_0_1_1444226298930_3848\" dir=\"ltr\"><\/div>\n<hr \/>\n<p><strong>Le mot du pr\u00e9sident<br \/>\n<\/strong><\/p>\n<p>En cours de r\u00e9daction<\/p>\n<p>Armand Amenta<\/p>\n<hr \/>\n<p><strong>Informations g\u00e9n\u00e9rales<\/strong><\/p>\n<p><em> Un catalogue des meilleures photos sera remis \u00e0 tous les participants.<\/em><\/p>\n<table width=\"689\" cellspacing=\"0\" cellpadding=\"5\">\n<tbody>\n<tr>\n<td><em>Date limite de r\u00e9ception des envois<\/em><\/td>\n<td><strong><em>15 janvier 2018<br \/>\n<\/em><\/strong><\/td>\n<\/tr>\n<tr>\n<td><em>Jugement<\/em><\/td>\n<td><strong>19\/20 janvier 2018<\/strong><\/td>\n<\/tr>\n<tr>\n<td><em>Notification des r\u00e9sultats sur le site du club<\/em><\/td>\n<td><strong>27 janvier 2018<\/strong><\/td>\n<\/tr>\n<tr>\n<td><em>Exposition, salle de la mairie de P\u00e9rignat-sur-Allier<\/em><\/td>\n<td><em>du <strong>17 f\u00e9vrier<\/strong> au <strong>25 f\u00e9vrier 2018<\/strong><br \/>\n<\/em><\/td>\n<\/tr>\n<\/tbody>\n<\/table>\n<hr \/>\n<p><a href=\"https:\/\/www.facebook.com\/concours63\" target=\"_blank\" rel=\"noopener\"><img decoding=\"async\" loading=\"lazy\" class=\"alignnone wp-image-97 aligncenter\" src=\"http:\/\/www.photoclubperignat-allier.com\/wp-content\/uploads\/2015\/04\/logo-facebook.jpg\" alt=\"logo-facebook\" width=\"159\" height=\"41\" srcset=\"https:\/\/www.photoclubperignat-allier.com\/wp-content\/uploads\/2015\/04\/logo-facebook.jpg 310w, https:\/\/www.photoclubperignat-allier.com\/wp-content\/uploads\/2015\/04\/logo-facebook-300x77.jpg 300w\" sizes=\"(max-width: 159px) 100vw, 159px\" \/><\/a><\/p>\n<hr \/>\n<p><strong>R\u00e8glement\u00a0 :<\/strong><br \/>\n<a href=\"http:\/\/www.photoclubperignat-allier.com\/stock\/concours\/2018\/reglement_concours_2018%20%20projet_v2.pdf\" target=\"_blank\" rel=\"noopener\"><img decoding=\"async\" loading=\"lazy\" class=\"alignnone wp-image-195\" src=\"http:\/\/www.photoclubperignat-allier.com\/wp-content\/uploads\/2015\/10\/iconepdf.png\" alt=\"Fichier Pdf\" width=\"58\" height=\"58\" srcset=\"https:\/\/www.photoclubperignat-allier.com\/wp-content\/uploads\/2015\/10\/iconepdf.png 256w, https:\/\/www.photoclubperignat-allier.com\/wp-content\/uploads\/2015\/10\/iconepdf-150x150.png 150w\" sizes=\"(max-width: 58px) 100vw, 58px\" \/><\/a><\/p>\n<p><strong>Bordereau :<br \/>\n<\/strong>au format Word (<strong>\u00e0 privil\u00e9gier<\/strong> pour faciliter la tache des b\u00e9n\u00e9voles) :<br \/>\n<em> <a href=\"http:\/\/www.photoclubperignat-allier.com\/stock\/concours\/2018\/bordereau_2018.zip\" target=\"_blank\" rel=\"noopener\"><img decoding=\"async\" loading=\"lazy\" class=\"alignnone wp-image-199\" src=\"http:\/\/www.photoclubperignat-allier.com\/wp-content\/uploads\/2015\/10\/iconeword.png\" alt=\"iconeword\" width=\"65\" height=\"65\" srcset=\"https:\/\/www.photoclubperignat-allier.com\/wp-content\/uploads\/2015\/10\/iconeword.png 256w, https:\/\/www.photoclubperignat-allier.com\/wp-content\/uploads\/2015\/10\/iconeword-150x150.png 150w\" sizes=\"(max-width: 65px) 100vw, 65px\" \/><\/a><br \/>\n<\/em><\/p>\n<p><em>Bordereau au format Pdf (pr\u00e9f\u00e9rez le bordereau au format Word ci-dessus si possible) : <a href=\"http:\/\/www.photoclubperignat-allier.com\/stock\/concours\/2018\/bordereau_2018.pdf\" target=\"_blank\" rel=\"noopener\"><img decoding=\"async\" loading=\"lazy\" class=\"alignnone wp-image-195\" src=\"http:\/\/www.photoclubperignat-allier.com\/wp-content\/uploads\/2015\/10\/iconepdf.png\" alt=\"Fichier Pdf\" width=\"25\" height=\"25\" srcset=\"https:\/\/www.photoclubperignat-allier.com\/wp-content\/uploads\/2015\/10\/iconepdf.png 256w, https:\/\/www.photoclubperignat-allier.com\/wp-content\/uploads\/2015\/10\/iconepdf-150x150.png 150w\" sizes=\"(max-width: 25px) 100vw, 25px\" \/><\/a><\/em><\/p>\n<p><strong>Aide : \u00c9tiquettes<\/strong><br \/>\nFichier pour \u00e9tiquettes Agipa 119013 au format Word <a href=\"http:\/\/www.photoclubperignat-allier.com\/wp-content\/uploads\/2015\/04\/agipa119013_etiquettes-concours_perignat2014.zip\" target=\"_blank\" rel=\"noopener\">Etiquettes Word<\/a> et au format Pdf <a href=\"http:\/\/www.photoclubperignat-allier.com\/wp-content\/uploads\/2015\/04\/agipa119013_etiquettes-concours_perignat2014.pdf\" target=\"_blank\" rel=\"noopener\">Etiquette Pdf<\/a><br \/>\n(<a href=\"http:\/\/www.youtube.com\/watch?v=jBlH3AMACAo\" target=\"_blank\" rel=\"noopener\">le tuto pour tout comprendre<\/a>)<\/p>\n<p><strong>Aide : Marie-Louise et Passe-Partout<\/strong><br \/>\nPour vous aider : Tuto pour r\u00e9aliser un passe-partout (Marie Louise) (<a href=\"https:\/\/www.youtube.com\/watch?v=3Hpf34As6YY\" target=\"_blank\" rel=\"noopener\">le tuto pour tout comprendre<\/a>)<\/p>\n<hr \/>\n<p><strong>Statistiques<\/strong><\/p>\n<table border=\"0\" width=\"466\" cellspacing=\"0\" cellpadding=\"0\">\n<colgroup>\n<col width=\"99\" \/>\n<col width=\"94\" \/>\n<col width=\"56\" \/>\n<col width=\"104\" \/>\n<col width=\"113\" \/><\/colgroup>\n<tbody>\n<tr>\n<td width=\"99\" height=\"20\">Cat\u00e9gories<\/td>\n<td width=\"94\">Photos re\u00e7ues<\/td>\n<td width=\"56\">Auteurs<\/td>\n<td width=\"104\">Photos admises<\/td>\n<td width=\"113\">Photos expos\u00e9es<\/td>\n<\/tr>\n<tr>\n<td height=\"20\">Couleur Papier<\/td>\n<td align=\"right\">531<\/td>\n<td align=\"right\">174<\/td>\n<td align=\"right\">100<\/td>\n<td align=\"right\"><\/td>\n<\/tr>\n<tr>\n<td height=\"20\">Monochrome<\/td>\n<td align=\"right\">459<\/td>\n<td align=\"right\">161<\/td>\n<td align=\"right\">91<\/td>\n<td align=\"right\"><\/td>\n<\/tr>\n<tr>\n<td height=\"20\">Nature<\/td>\n<td align=\"right\">279<\/td>\n<td align=\"right\">88<\/td>\n<td align=\"right\">53<\/td>\n<td align=\"right\"><\/td>\n<\/tr>\n<tr>\n<td height=\"20\">Total<\/td>\n<td align=\"right\">1269<\/td>\n<td align=\"right\">220<\/td>\n<td align=\"right\">244<\/td>\n<td align=\"right\"><\/td>\n<\/tr>\n<\/tbody>\n<\/table>\n<hr \/>\n<p><strong><br \/>\n<\/strong><\/p>\n<hr \/>\n<h2 style=\"text-align: center;\"><strong>Les r\u00e9sultats du concours national de P\u00e9rignat-sur Allier 2018 sont <span style=\"color: #0000ff;\"><a style=\"color: #0000ff;\" href=\"http:\/\/www.photoclubperignat-allier.com\/wp-content\/uploads\/2018\/01\/resultats_concours_perignat_2018.zip\">ici<\/a><\/span><\/strong><\/h2>\n<p>&nbsp;<\/p>\n<hr \/>\n<p><a href=\"https:\/\/www.facebook.com\/concours63\" target=\"_blank\" rel=\"noopener\"><img decoding=\"async\" loading=\"lazy\" class=\"wp-image-97 aligncenter\" src=\"http:\/\/www.photoclubperignat-allier.com\/wp-content\/uploads\/2015\/04\/logo-facebook.jpg\" alt=\"logo-facebook\" width=\"159\" height=\"41\" srcset=\"https:\/\/www.photoclubperignat-allier.com\/wp-content\/uploads\/2015\/04\/logo-facebook.jpg 310w, https:\/\/www.photoclubperignat-allier.com\/wp-content\/uploads\/2015\/04\/logo-facebook-300x77.jpg 300w\" sizes=\"(max-width: 159px) 100vw, 159px\" \/><\/a><\/p>\n<hr \/>\n<p><a href=\"https:\/\/www.facebook.com\/concours63\" target=\"_blank\" rel=\"noopener\"><img decoding=\"async\" loading=\"lazy\" class=\"wp-image-97 aligncenter\" src=\"http:\/\/www.photoclubperignat-allier.com\/wp-content\/uploads\/2015\/04\/logo-facebook.jpg\" alt=\"logo-facebook\" width=\"159\" height=\"41\" srcset=\"https:\/\/www.photoclubperignat-allier.com\/wp-content\/uploads\/2015\/04\/logo-facebook.jpg 310w, https:\/\/www.photoclubperignat-allier.com\/wp-content\/uploads\/2015\/04\/logo-facebook-300x77.jpg 300w\" sizes=\"(max-width: 159px) 100vw, 159px\" \/><\/a><\/p>\n<hr \/>\n<hr \/>\n<hr \/>\n","protected":false},"excerpt":{"rendered":"<p>7\u00e8me concours National d\u2019art photographique de P\u00e9rignat-sur-Allier Janvier 2018 Patronage : 2018\/06 &nbsp; Jury Juge 1 &#8211; Pr\u00e9sident du jury &#8211; Jean Houriez &#8211; Bio Juge 2 &#8211; Christian Latreille &#8211; Bio Juge 3 &#8211; Georges Bonnet &#8211; Bio Le mot du pr\u00e9sident En cours de r\u00e9daction Armand Amenta Informations g\u00e9n\u00e9rales Un catalogue des meilleures &hellip; <a href=\"https:\/\/www.photoclubperignat-allier.com\/?page_id=540\" class=\"more-link\">Continuer la lecture de <span class=\"screen-reader-text\">Concours 2018<\/span>  <span class=\"meta-nav\">&rarr;<\/span><\/a><\/p>\n","protected":false},"author":1,"featured_media":0,"parent":0,"menu_order":0,"comment_status":"closed","ping_status":"closed","template":"","meta":[],"_links":{"self":[{"href":"https:\/\/www.photoclubperignat-allier.com\/index.php?rest_route=\/wp\/v2\/pages\/540"}],"collection":[{"href":"https:\/\/www.photoclubperignat-allier.com\/index.php?rest_route=\/wp\/v2\/pages"}],"about":[{"href":"https:\/\/www.photoclubperignat-allier.com\/index.php?rest_route=\/wp\/v2\/types\/page"}],"author":[{"embeddable":true,"href":"https:\/\/www.photoclubperignat-allier.com\/index.php?rest_route=\/wp\/v2\/users\/1"}],"replies":[{"embeddable":true,"href":"https:\/\/www.photoclubperignat-allier.com\/index.php?rest_route=%2Fwp%2Fv2%2Fcomments&post=540"}],"version-history":[{"count":20,"href":"https:\/\/www.photoclubperignat-allier.com\/index.php?rest_route=\/wp\/v2\/pages\/540\/revisions"}],"predecessor-version":[{"id":593,"href":"https:\/\/www.photoclubperignat-allier.com\/index.php?rest_route=\/wp\/v2\/pages\/540\/revisions\/593"}],"wp:attachment":[{"href":"https:\/\/www.photoclubperignat-allier.com\/index.php?rest_route=%2Fwp%2Fv2%2Fmedia&parent=540"}],"curies":[{"name":"wp","href":"https:\/\/api.w.org\/{rel}","templated":true}]}}