{"id":246,"date":"2016-01-18T16:26:40","date_gmt":"2016-01-18T15:26:40","guid":{"rendered":"http:\/\/www.photoclubperignat-allier.com\/?page_id=246"},"modified":"2016-01-18T16:47:09","modified_gmt":"2016-01-18T15:47:09","slug":"246-2","status":"publish","type":"page","link":"https:\/\/www.photoclubperignat-allier.com\/?page_id=246","title":{"rendered":"Le jugement du concours"},"content":{"rendered":"<p style=\"text-align: justify;\"><strong>Principes et pr\u00e9sentations<\/strong><\/p>\n<p style=\"text-align: justify;\"><img decoding=\"async\" loading=\"lazy\" class=\"alignleft size-thumbnail wp-image-247\" src=\"http:\/\/www.photoclubperignat-allier.com\/wp-content\/uploads\/2016\/01\/jugement02-150x150.jpg\" alt=\"jugement02\" width=\"150\" height=\"150\" \/><\/p>\n<p style=\"text-align: justify;\">Tout d\u2019abord, le jugement d\u2019un concours national comme celui de P\u00e9rignat-sur-Allier doit r\u00e9pondre \u00e0 plusieurs exigences de qualit\u00e9, de neutralit\u00e9, de respect des \u0153uvres et des droits, tout cela est suivi et contr\u00f4l\u00e9 par la FPF (F\u00e9d\u00e9ration Photographiques de France). Suite \u00e0 ces diff\u00e9rents crit\u00e8res, l\u2019organisation du concours obtient un <strong>patronage de la FPF<\/strong>.<\/p>\n<p style=\"text-align: justify;\"><strong>De l\u2019arriv\u00e9e des photos jusqu\u2019au stockage.<\/strong><br \/>\nLes photos arrivent par la poste ou directement dans les locaux de la Mairie de P\u00e9rignat-sur-Allier pour certains candidats locaux. Ensuite les colis sont ouverts par du personnel sp\u00e9cialement d\u00e9di\u00e9 \u00e0 cette t\u00e2che. A l\u2019ouverture, l\u2019\u00e9tat des \u0153uvres est examin\u00e9, si certaines photos ont eu \u00e0 subir des chocs lors du transport postal (rare), l\u2019auteur est imm\u00e9diatement inform\u00e9 (d\u2019o\u00f9 l\u2019importance de bien renseigner vos coordonn\u00e9es sur le bordereau). Apr\u00e8s les v\u00e9rifications d\u2019usages, les images sont saisies en informatique puis stock\u00e9es \u00e0 l\u2019abri de la lumi\u00e8re, de l\u2019humidit\u00e9 et de la poussi\u00e8re.<\/p>\n<p style=\"text-align: justify;\"><strong>Pr\u00e9sentation des photos au jury.<\/strong><br \/>\nAvant d\u2019arriver en salle de jugement et d\u2019\u00eatre pr\u00e9sent\u00e9es au jury, les photos sont m\u00e9lang\u00e9es dans chaque cat\u00e9gories (Couleurs, N&amp;B, Nature&#8230;), puis les images sont ventil\u00e9es sur 3 tas distincts puis distribu\u00e9es \u00e0 chaque juges.<\/p>\n<p style=\"text-align: justify;\"><strong>Le Jury<\/strong><br \/>\nLe jury est compos\u00e9 de 3 juges (juge1, juge2, juge3), le juge1 est en g\u00e9n\u00e9ral le pr\u00e9sident du jury.<\/p>\n<p style=\"text-align: justify;\"><em>Pourquoi 3 juges ?<\/em><br \/>\nTous les juges poss\u00e8dent les bases de l\u2019analyse d\u2019images, ils poss\u00e8dent \u00e9galement une exp\u00e9rience, n\u00e9anmoins le jugement d\u2019un concours doit repr\u00e9senter le niveau de chaque auteur par rapport \u00e0 un ensemble, ainsi, un jury compos\u00e9 de 3 juges va permettre d\u2019attribuer une note globale sur 60 (somme des 3 notes sur 20) .<\/p>\n<p style=\"text-align: justify;\">Chaque juge poss\u00e8de un(e) assistant(e) pour se faire aider si besoin (manutention, logistique\u2026) et relever les notes au dos de chaque photos apr\u00e8s jugement. En concours national et international, les juges sont s\u00e9lectionn\u00e9s pour leur professionnalisme, leurs connaissances et exp\u00e9riences ant\u00e9rieures, ils viennent de diff\u00e9rents milieux (artistique, concours, pro\u2026) et en g\u00e9n\u00e9ral poss\u00e8dent une exp\u00e9rience au minimum de concours r\u00e9gional. Lors des concours nationaux, en g\u00e9n\u00e9ral, les juges ont d\u00e9j\u00e0 plusieurs jugements \u00e0 leur actif ainsi que plusieurs exp\u00e9riences cumul\u00e9es (expos, concours, pr\u00e9sentation, activit\u00e9s pro\u2026).<\/p>\n<p style=\"text-align: justify;\"><strong>Le jugement<\/strong><\/p>\n<p style=\"text-align: justify;\"><strong><img decoding=\"async\" loading=\"lazy\" class=\" wp-image-255 alignleft\" src=\"http:\/\/www.photoclubperignat-allier.com\/wp-content\/uploads\/2016\/01\/juge02.jpg\" alt=\"juge02\" width=\"134\" height=\"272\" srcset=\"https:\/\/www.photoclubperignat-allier.com\/wp-content\/uploads\/2016\/01\/juge02.jpg 288w, https:\/\/www.photoclubperignat-allier.com\/wp-content\/uploads\/2016\/01\/juge02-148x300.jpg 148w\" sizes=\"(max-width: 134px) 100vw, 134px\" \/><\/strong>\u2013 Une premi\u00e8re analyse est effectu\u00e9e, ainsi le juge va diviser les photos en 3 tas pour obtenir des tendances. Un premier tas pour les photos de niveau faible (erreurs lourdes lors de la prise vue, du tirage\u2026), un deuxi\u00e8me tas pour les photos de niveau satisfaisant\u00a0 (notes qui vont tourner en gros entre 9 et 12 ou 13\/20) puis un troisi\u00e8me tas pour les photos de bon, voir de tr\u00e8s bon niveau (note &gt;13 ou 15\/20). Ceci va permettre de faire une pr\u00e9-s\u00e9lection. Le juge peu repositionner certaines photos.<\/p>\n<p style=\"text-align: justify;\">\u2013 En second temps, le juge va ventiler les images en face des \u00e9tiquettes pr\u00e9sentent sur la table correspondant \u00e0 la note sur 20 qu\u2019il souhaite attribuer.<\/p>\n<p style=\"text-align: justify;\">\u2013 En troisi\u00e8me temps, chaque pile correspondant \u00e0 une notation est r\u00e9-analys\u00e9e pour s\u2019assurer d\u2019un niveau homog\u00e8ne entre les photos d\u2019une m\u00eame note.<\/p>\n<p style=\"text-align: justify;\">\u2013 Une fois le jugement termin\u00e9, le juge informe l\u2019assistant(e), pour effectuer la saisie des notes \u00e0 l\u2019arri\u00e8re de toutes les photos. L\u2019assistant(e) va ensuite re-m\u00e9langer les images pour les transmettre au juge suivant. Apr\u00e8s 3 rotations, chaque image va obtenir trois notes sur 20, la somme des notes va donner une note sur 60, qui va d\u00e9terminer le classement g\u00e9n\u00e9ral.<\/p>\n<p style=\"text-align: justify;\"><strong>Pourquoi participer \u00e0 un concours en pensant que mon niveau est moyen ?<\/strong><br \/>\nDe nombreuses personnes participent aux concours tout en sachant qu\u2019elles ont peu de chance de remporter un prix. Toutes les photos sont not\u00e9es, quelques soit le niveau, ainsi vous obtiendrez une estimation de votre niveau par rapport \u00e0 l\u2019ensemble des \u0153uvres. Ceci est essentiel pour sa progression personnelle. N\u2019h\u00e9sitez pas \u00e0 venir lors du jugement le jour J, une fois le jugement donn\u00e9, les juges, si vous le souhaitez, expliqueront le pourquoi des notes. C\u2019est tellement mieux qu\u2019un \u00ab\u00a0j\u2019aime\u00a0\u00bb sur Facebook ou de ses amis, car le juge est neutre, il vous transmettra sont ressenti et les axes de progr\u00e8s forts.<br \/>\nM\u00eame si l\u2019obtention d\u2019un prix n\u2019est pas un objectif, n\u2019oubliez pas qu\u2019il existe des prix pour le niveau national, mais aussi pour le niveau r\u00e9gional et \u00e9galement pour les clubs\u2026<\/p>\n<p style=\"text-align: justify;\"><strong>Quelques conseils pour vous aider \u00e0 grimper dans le classement :<\/strong><br \/>\n<img decoding=\"async\" loading=\"lazy\" class=\"alignright wp-image-257 \" src=\"http:\/\/www.photoclubperignat-allier.com\/wp-content\/uploads\/2016\/01\/prog-300x194.jpg\" alt=\"prog-300x194\" width=\"176\" height=\"114\" \/><em><em>Conseils pour vous aider \u00e0 <\/em>obtenir des notes sup\u00e9rieures \u00e0 9 ou 10\/20<\/em><br \/>\n\u2013 Soigner les cadrages<br \/>\n\u2013 Soigner la lecture d\u2019image<\/p>\n<p style=\"text-align: justify;\"><em><em>Conseils pour vous aider \u00e0 <\/em>obtenir des notes sup\u00e9rieures \u00e0 12 ou 13\/20<\/em><br \/>\n\u2013 Le tirage doit \u00eatre de qualit\u00e9 plus que satisfaisante<br \/>\n\u2013 Demander le regard d\u2019autres personnes ayant d\u00e9j\u00e0 particip\u00e9 \u00e0 des concours<br \/>\n\u2013 Visiter des expos, des concours, cela vous permettra de faire le tri, de vous faire progresser rapidement<br \/>\n\u2013 \u00c9changer des id\u00e9es avec d\u2019autres auteurs<br \/>\n\u2013 Faire en sorte qu\u2019il y est un int\u00e9r\u00eat autre que votre propre int\u00e9r\u00eat<br \/>\n\u2013 Soigner la nettet\u00e9 ou les zones floues, la qualit\u00e9\u2026 cela va faciliter la lecture d\u2019image<\/p>\n<p style=\"text-align: justify;\"><em>Conseils pour vous aider \u00e0 obtenir des notes sup\u00e9rieures \u00e0 15\/20<\/em><br \/>\n\u2013 Le tirage doit \u00eatre irr\u00e9prochable<br \/>\n\u2013 La photo doit transmettre de l\u2019\u00e9motion, de la vie, de beaux graphismes, une histoire, de l\u2019int\u00e9r\u00eat fort pour vos spectateurs<br \/>\n\u2013 Soigner vos encadrements, cela peut vous \u00e9viter de transmettre un ressenti n\u00e9gatif inconscient sur vos \u0153uvres<\/p>\n<p style=\"text-align: justify;\"><em>Conseils pour vous aider \u00e0 obtenir des notes sup\u00e9rieures \u00e0 17\/20<br \/>\n<\/em>&#8211; Sortir des sentiers battus<br \/>\n\u2013 Etre cr\u00e9atifs<br \/>\n\u2013 Etre irr\u00e9prochable sur tout (tirage, lecture, qualit\u00e9\u2026)<br \/>\n\u2013 Faire vibrer, donner envie<br \/>\nLes notes sup\u00e9rieures \u00e0 17\/20 sont rares en concours national, les photos ayant 3 notes sup\u00e9rieures \u00e0 17\/20 sont encore plus rares. Toutes les photos ayant 18, 19 ou 20 sont de tr\u00e8s bons niveaux, apr\u00e8s ce sera au juge d\u2019appr\u00e9cier les derniers points restants.<\/p>\n<p style=\"text-align: justify;\"><strong>Pourquoi 20\/20 ?<\/strong><br \/>\n<img decoding=\"async\" loading=\"lazy\" class=\" wp-image-259 alignleft\" src=\"http:\/\/www.photoclubperignat-allier.com\/wp-content\/uploads\/2016\/01\/Excellence-Icon-150x150.png\" alt=\"Excellence-Icon\" width=\"52\" height=\"52\" srcset=\"https:\/\/www.photoclubperignat-allier.com\/wp-content\/uploads\/2016\/01\/Excellence-Icon-150x150.png 150w, https:\/\/www.photoclubperignat-allier.com\/wp-content\/uploads\/2016\/01\/Excellence-Icon.png 198w\" sizes=\"(max-width: 52px) 100vw, 52px\" \/>Certains juges ne distribuent pas de 20\/20. Le 20\/20 est souvent attribu\u00e9 \u00e0 une photo qui a vraiment touch\u00e9 le juge, c\u2019est la photo qu\u2019il retiendra dans ses souvenirs.<\/p>\n<p style=\"text-align: justify;\"><strong>Pourquoi y a t-il parfois des \u00e9carts majeurs entre les 3 notes pour une m\u00eame image ?<br \/>\n<\/strong>Certaines photos peuvent poss\u00e9der des \u00e9carts de notes, bien souvent ce sont des photos dites \u00ab\u00a0\u00e0 risques\u00a0\u00bb. Ce sont des photos qui font r\u00e9agir par les fameux \u00ab\u00a0J\u2019aime ou j\u2019aime pas\u00a0\u00bb, on rencontre ce genre d\u2019appr\u00e9ciation dans tous les arts (design, peinture\u2026), par exemple certains designers vont adorer la voiture \u00ab\u00a0New Beetle\u00a0\u00bb et d\u2019autres la trouveront banale, voir m\u00eame sans \u00e2me.<br \/>\nLes photos \u00e0 risques peuvent remporter 3 notes de bon niveau et d\u2019autre fois un juge ne va pas accrocher, ceci explique les \u00e9carts.<br \/>\nUne fois ceci int\u00e9gr\u00e9, sur une palette de 8 photos \u00e0 pr\u00e9senter, en g\u00e9n\u00e9ral les auteurs avertis positionnent quelques photos \u00e0 risques, qui avec un peu d\u2019exp\u00e9rience, sont faciles \u00e0 identifier en amont du concours,\u00a0 et quelques photos assur\u00e9es de gagner des points. Avec un peu d\u2019exp\u00e9rience et de conseils avertis, les candidats s\u2019organisent une strat\u00e9gie pour accompagner leurs photos f\u00e9tiches qui peuvent \u00eatre \u00e0 \u00ab\u00a0risques\u00a0\u00bb. N\u2019oublions pas que le juge est un \u00eatre humain, il est pr\u00e9f\u00e9rable de faire noter des photos avec une \u00e2me et de l\u2019\u00e9motion que par des notations num\u00e9riques. C\u2019est le jeu.<\/p>\n<p style=\"text-align: justify;\"><strong>Est-ce g\u00eanant qu\u2019un juge note plus durement ou plus largement de quelques points que les autres juges ?<\/strong><br \/>\nCela arrive fr\u00e9quemment et cela n\u2019est pas g\u00eanant au classement g\u00e9n\u00e9ral. La diff\u00e9rence est g\u00e9n\u00e9ralement r\u00e9percut\u00e9e \u00e0 la notation globale des images.<\/p>\n<p style=\"text-align: justify;\"><strong>Qu\u2019est-ce que le coup de c\u0153ur ?<\/strong><br \/>\nLorsque le jugement est termin\u00e9, les 3 juges ont la possibilit\u00e9 de donner un ou des coups de c\u0153urs. Exemple : Une photo auquel le juge a donn\u00e9 une tr\u00e8s bonne note, ou bien l\u2019occasion de primer une photo sur laquelle le juge a flash\u00e9, \u00e9galement pour encourager un ou des auteurs.<\/p>\n<figure id=\"attachment_261\" aria-describedby=\"caption-attachment-261\" style=\"width: 847px\" class=\"wp-caption alignnone\"><img decoding=\"async\" loading=\"lazy\" class=\"wp-image-261 size-full\" src=\"http:\/\/www.photoclubperignat-allier.com\/wp-content\/uploads\/2016\/01\/juge04.jpg\" alt=\"Attribution des coups de c\u0153urs par les juges.\" width=\"847\" height=\"523\" srcset=\"https:\/\/www.photoclubperignat-allier.com\/wp-content\/uploads\/2016\/01\/juge04.jpg 847w, https:\/\/www.photoclubperignat-allier.com\/wp-content\/uploads\/2016\/01\/juge04-300x185.jpg 300w, https:\/\/www.photoclubperignat-allier.com\/wp-content\/uploads\/2016\/01\/juge04-768x474.jpg 768w\" sizes=\"(max-width: 847px) 100vw, 847px\" \/><figcaption id=\"caption-attachment-261\" class=\"wp-caption-text\">Attribution des coups de c\u0153urs par les juges.<\/figcaption><\/figure>\n<p style=\"text-align: justify;\"><strong>Puis-je assister au jugement ?<\/strong><br \/>\nLe jugement est ouvert au public. Il est demand\u00e9, aux personnes de ne pas faire de bruit, de ne pas d\u00e9ranger les juges ou faire des commentaires en pr\u00e9sence du juge. Des personnes de l\u2019organisation veillent au bon d\u00e9roulement du jugement.<br \/>\nIl est conseill\u00e9 de venir en fin de jugement (fin de matin\u00e9e ou fin de soir\u00e9e en fonction des cat\u00e9gories), ainsi vous pourrez \u00e9changer avec les juges et les personnes pr\u00e9sentent, que ce soit pour vos \u0153uvres ou d\u2019autres photos, <strong>c\u2019est un excellent moteur pour votre\u00a0 progression personnelle<\/strong>.<\/p>\n<p style=\"text-align: justify;\"><strong>En conclusion<\/strong><br \/>\nLe jugement d\u2019un concours est encadr\u00e9 par des r\u00e8gles \u00e9l\u00e9mentaires qui ont \u00e9taient \u00e9tablies par les anciens sur de longues ann\u00e9es d\u2019exp\u00e9riences, le but de cette organisation est de trouver le meilleur compromis d\u2019attribution d\u2019un niveau \u00e0 de nombreuses \u0153uvres dans la neutralit\u00e9, en respectant les auteurs et les \u0153uvres. Comprendre son fonctionnement est une opportunit\u00e9 \u00e0 progresser. A vous de jouer.<\/p>\n<p style=\"text-align: right;\">O. Garnier<\/p>\n<p style=\"text-align: justify;\">L\u2019\u00e9quipe d\u2019organisation reste \u00e0 votre disposition pour r\u00e9pondre \u00e0 toutes vos questions.<\/p>\n","protected":false},"excerpt":{"rendered":"<p>Principes et pr\u00e9sentations Tout d\u2019abord, le jugement d\u2019un concours national comme celui de P\u00e9rignat-sur-Allier doit r\u00e9pondre \u00e0 plusieurs exigences de qualit\u00e9, de neutralit\u00e9, de respect des \u0153uvres et des droits, tout cela est suivi et contr\u00f4l\u00e9 par la FPF (F\u00e9d\u00e9ration Photographiques de France). Suite \u00e0 ces diff\u00e9rents crit\u00e8res, l\u2019organisation du concours obtient un patronage de &hellip; <a href=\"https:\/\/www.photoclubperignat-allier.com\/?page_id=246\" class=\"more-link\">Continuer la lecture de <span class=\"screen-reader-text\">Le jugement du concours<\/span>  <span class=\"meta-nav\">&rarr;<\/span><\/a><\/p>\n","protected":false},"author":1,"featured_media":0,"parent":0,"menu_order":0,"comment_status":"closed","ping_status":"closed","template":"","meta":[],"_links":{"self":[{"href":"https:\/\/www.photoclubperignat-allier.com\/index.php?rest_route=\/wp\/v2\/pages\/246"}],"collection":[{"href":"https:\/\/www.photoclubperignat-allier.com\/index.php?rest_route=\/wp\/v2\/pages"}],"about":[{"href":"https:\/\/www.photoclubperignat-allier.com\/index.php?rest_route=\/wp\/v2\/types\/page"}],"author":[{"embeddable":true,"href":"https:\/\/www.photoclubperignat-allier.com\/index.php?rest_route=\/wp\/v2\/users\/1"}],"replies":[{"embeddable":true,"href":"https:\/\/www.photoclubperignat-allier.com\/index.php?rest_route=%2Fwp%2Fv2%2Fcomments&post=246"}],"version-history":[{"count":19,"href":"https:\/\/www.photoclubperignat-allier.com\/index.php?rest_route=\/wp\/v2\/pages\/246\/revisions"}],"predecessor-version":[{"id":271,"href":"https:\/\/www.photoclubperignat-allier.com\/index.php?rest_route=\/wp\/v2\/pages\/246\/revisions\/271"}],"wp:attachment":[{"href":"https:\/\/www.photoclubperignat-allier.com\/index.php?rest_route=%2Fwp%2Fv2%2Fmedia&parent=246"}],"curies":[{"name":"wp","href":"https:\/\/api.w.org\/{rel}","templated":true}]}}