{"id":1635,"date":"2021-11-13T14:56:24","date_gmt":"2021-11-13T13:56:24","guid":{"rendered":"http:\/\/www.photoclubperignat-allier.com\/?page_id=1635"},"modified":"2022-03-23T22:23:25","modified_gmt":"2022-03-23T21:23:25","slug":"concours-2022","status":"publish","type":"page","link":"https:\/\/www.photoclubperignat-allier.com\/?page_id=1635","title":{"rendered":"CONCOURS 2022"},"content":{"rendered":"\n<h2 class=\"wp-block-heading\" id=\"block-6aa27f0f-4254-43d6-9e96-f796dacb78c2\" style=\"font-size:32px\"><strong>11\u00e8me concours National d\u2019art photographique<br>de P\u00e9rignat-sur-Allier Janvier 2022<\/strong><\/h2>\n\n\n\n<p><\/p>\n\n\n\n<p class=\"has-black-color has-text-color\" style=\"font-size:25px\"><strong>Prix du public 2022 du concours national d\u2019art photographique de P\u00e9rignat-sur-Allier<\/strong><\/p>\n\n\n\n<figure class=\"wp-block-image size-large\"><a href=\"http:\/\/www.photoclubperignat-allier.com\/wp-content\/uploads\/2022\/03\/10-Amenta-Armad-Le-gardien-du-passe..jpg\"><img decoding=\"async\" loading=\"lazy\" width=\"683\" height=\"1024\" src=\"http:\/\/www.photoclubperignat-allier.com\/wp-content\/uploads\/2022\/03\/10-Amenta-Armad-Le-gardien-du-passe.-683x1024.jpg\" alt=\"\" class=\"wp-image-1878\" srcset=\"https:\/\/www.photoclubperignat-allier.com\/wp-content\/uploads\/2022\/03\/10-Amenta-Armad-Le-gardien-du-passe.-683x1024.jpg 683w, https:\/\/www.photoclubperignat-allier.com\/wp-content\/uploads\/2022\/03\/10-Amenta-Armad-Le-gardien-du-passe.-200x300.jpg 200w, https:\/\/www.photoclubperignat-allier.com\/wp-content\/uploads\/2022\/03\/10-Amenta-Armad-Le-gardien-du-passe.-768x1152.jpg 768w, https:\/\/www.photoclubperignat-allier.com\/wp-content\/uploads\/2022\/03\/10-Amenta-Armad-Le-gardien-du-passe.-1024x1536.jpg 1024w, https:\/\/www.photoclubperignat-allier.com\/wp-content\/uploads\/2022\/03\/10-Amenta-Armad-Le-gardien-du-passe..jpg 1280w\" sizes=\"(max-width: 683px) 100vw, 683px\" \/><\/a><figcaption>Gardien du pass\u00e9 par Armand AMENTA<\/figcaption><\/figure>\n\n\n\n<hr class=\"wp-block-separator\"\/>\n\n\n\n<hr class=\"wp-block-separator\"\/>\n\n\n\n<div class=\"wp-block-file\"><a id=\"wp-block-file--media-5680e6bd-a296-4164-99ad-845cd75c75f2\" href=\"http:\/\/www.photoclubperignat-allier.com\/?attachment_id=1864\" target=\"_blank\" rel=\"noreferrer noopener\">2022-CATALOGUE-11e-CP2A-2<\/a><a href=\"http:\/\/www.photoclubperignat-allier.com\/wp-content\/uploads\/2022\/02\/2022-CATALOGUE-11e-CP2A-2.pdf\" class=\"wp-block-file__button\" download aria-describedby=\"wp-block-file--media-5680e6bd-a296-4164-99ad-845cd75c75f2\">T\u00e9l\u00e9charger<\/a><\/div>\n\n\n\n<hr class=\"wp-block-separator\"\/>\n\n\n\n<p><strong>R\u00c9SULTATS :<\/strong><\/p>\n\n\n\n<div class=\"wp-block-file\"><a id=\"wp-block-file--media-a66e5f33-2434-4692-99cb-80be46138203\" href=\"https:\/\/www.photoclubperignat-allier.com\/wp-content\/uploads\/2022\/01\/20220129-100759_Palmares-6.pdf\" target=\"_blank\" rel=\"noreferrer noopener\">Palmar\u00e8s 2022<\/a><a href=\"https:\/\/www.photoclubperignat-allier.com\/wp-content\/uploads\/2022\/01\/20220129-100759_Palmares-6.pdf\" class=\"wp-block-file__button\" download aria-describedby=\"wp-block-file--media-a66e5f33-2434-4692-99cb-80be46138203\">T\u00e9l\u00e9charger<\/a><\/div>\n\n\n\n<div class=\"wp-block-file\"><a id=\"wp-block-file--media-3bad8a52-0e26-4d0d-a20d-26bc470b80aa\" href=\"https:\/\/www.photoclubperignat-allier.com\/wp-content\/uploads\/2022\/01\/20220129-100830_Classement_NB-1.pdf\" target=\"_blank\" rel=\"noreferrer noopener\">Papier Monochrome<\/a><a href=\"https:\/\/www.photoclubperignat-allier.com\/wp-content\/uploads\/2022\/01\/20220129-100830_Classement_NB-1.pdf\" class=\"wp-block-file__button\" download aria-describedby=\"wp-block-file--media-3bad8a52-0e26-4d0d-a20d-26bc470b80aa\">T\u00e9l\u00e9charger<\/a><\/div>\n\n\n\n<div class=\"wp-block-file\"><a id=\"wp-block-file--media-bbd7a71d-e177-4a91-8849-550724d84ac0\" href=\"https:\/\/www.photoclubperignat-allier.com\/wp-content\/uploads\/2022\/01\/20220129-100906_Classement_CP-1.pdf\" target=\"_blank\" rel=\"noreferrer noopener\">Papier Couleur<\/a><a href=\"https:\/\/www.photoclubperignat-allier.com\/wp-content\/uploads\/2022\/01\/20220129-100906_Classement_CP-1.pdf\" class=\"wp-block-file__button\" download aria-describedby=\"wp-block-file--media-bbd7a71d-e177-4a91-8849-550724d84ac0\">T\u00e9l\u00e9charger<\/a><\/div>\n\n\n\n<div class=\"wp-block-file\"><a id=\"wp-block-file--media-453c1d09-4908-4b3d-af2a-a116c8935fa7\" href=\"https:\/\/www.photoclubperignat-allier.com\/wp-content\/uploads\/2022\/01\/20220129-100939_Classement_NA-1.pdf\" target=\"_blank\" rel=\"noreferrer noopener\">Papier Couleur Nature<\/a><a href=\"https:\/\/www.photoclubperignat-allier.com\/wp-content\/uploads\/2022\/01\/20220129-100939_Classement_NA-1.pdf\" class=\"wp-block-file__button\" download aria-describedby=\"wp-block-file--media-453c1d09-4908-4b3d-af2a-a116c8935fa7\">T\u00e9l\u00e9charger<\/a><\/div>\n\n\n\n<div class=\"wp-block-file\"><a id=\"wp-block-file--media-d622c8ae-e1c7-4889-ad71-b98dddf4fc27\" href=\"http:\/\/www.photoclubperignat-allier.com\/wp-content\/uploads\/2022\/01\/Statistiques-2022.xlsx\">Statistiques-2022<\/a><a href=\"http:\/\/www.photoclubperignat-allier.com\/wp-content\/uploads\/2022\/01\/Statistiques-2022.xlsx\" class=\"wp-block-file__button\" download aria-describedby=\"wp-block-file--media-d622c8ae-e1c7-4889-ad71-b98dddf4fc27\">T\u00e9l\u00e9charger<\/a><\/div>\n\n\n\n<p><\/p>\n\n\n\n<p style=\"font-size:19px\"><strong>JURY<\/strong> :<\/p>\n\n\n\n<p style=\"font-size:19px\"><strong>Juge 1 et pr\u00e9sident : G\u00e9rard BARBIER<\/strong><\/p>\n\n\n\n<p style=\"font-size:19px\"><strong>Juge 2 :  Brigitte RONDEL<\/strong><\/p>\n\n\n\n<p class=\"has-medium-font-size\"><strong>Juge 3  :  Daniel BOITEAU<\/strong><\/p>\n\n\n\n<figure class=\"wp-block-image size-large\"><a href=\"http:\/\/www.photoclubperignat-allier.com\/wp-content\/uploads\/2022\/02\/les-juges.jpg\"><img decoding=\"async\" loading=\"lazy\" width=\"1024\" height=\"654\" src=\"http:\/\/www.photoclubperignat-allier.com\/wp-content\/uploads\/2022\/02\/les-juges-1024x654.jpg\" alt=\"\" class=\"wp-image-1832\" srcset=\"https:\/\/www.photoclubperignat-allier.com\/wp-content\/uploads\/2022\/02\/les-juges-1024x654.jpg 1024w, https:\/\/www.photoclubperignat-allier.com\/wp-content\/uploads\/2022\/02\/les-juges-300x192.jpg 300w, https:\/\/www.photoclubperignat-allier.com\/wp-content\/uploads\/2022\/02\/les-juges-768x490.jpg 768w, https:\/\/www.photoclubperignat-allier.com\/wp-content\/uploads\/2022\/02\/les-juges-1536x981.jpg 1536w, https:\/\/www.photoclubperignat-allier.com\/wp-content\/uploads\/2022\/02\/les-juges.jpg 1809w\" sizes=\"(max-width: 1024px) 100vw, 1024px\" \/><\/a><\/figure>\n\n\n\n<p><strong>REGLEMENT<\/strong> :<\/p>\n\n\n\n<div class=\"wp-block-file\"><a id=\"wp-block-file--media-c2c14430-f343-4f8e-a792-8a648b743378\" href=\"http:\/\/www.photoclubperignat-allier.com\/wp-content\/uploads\/2021\/12\/reglement_concours_2022-V1.doc\">R\u00e8glement_concours_2022-V1<\/a><a href=\"http:\/\/www.photoclubperignat-allier.com\/wp-content\/uploads\/2021\/12\/reglement_concours_2022-V1.doc\" class=\"wp-block-file__button\" download aria-describedby=\"wp-block-file--media-c2c14430-f343-4f8e-a792-8a648b743378\">T\u00e9l\u00e9charger<\/a><\/div>\n\n\n\n<p><strong>BORDEREAU : <\/strong><br>Au format Word (<strong>\u00e0 privil\u00e9gier<\/strong> pour faciliter la tache des b\u00e9n\u00e9voles) : <em><a href=\"http:\/\/www.photoclubperignat-allier.com\/wp-content\/uploads\/2019\/10\/bordereau_2020-1.pdf\">Bordereau au format PDF<\/a> (pr\u00e9f\u00e9rez le bordereau rempli au format Word ci-dessous si possible)<\/em>.<\/p>\n\n\n\n<div class=\"wp-block-file\"><a id=\"wp-block-file--media-ddaa937b-4503-4d8b-913f-c26964a33f83\" href=\"https:\/\/www.photoclubperignat-allier.com\/wp-content\/uploads\/2021\/12\/bordereau_2022-3-1.doc\">BORDEREAU 2022<\/a><a href=\"https:\/\/www.photoclubperignat-allier.com\/wp-content\/uploads\/2021\/12\/bordereau_2022-3-1.doc\" class=\"wp-block-file__button\" download aria-describedby=\"wp-block-file--media-ddaa937b-4503-4d8b-913f-c26964a33f83\">T\u00e9l\u00e9charger<\/a><\/div>\n\n\n\n<p><strong>AIDE ETIQUETTES :<\/strong><br><strong>Pour ceux qui le souhaitent, des \u00e9tiquettes sont mis \u00e0 disposition au format Word et Pdf ainsi qu&rsquo;un tutoriel :<\/strong><\/p>\n\n\n\n<div class=\"wp-block-file\"><a id=\"wp-block-file--media-e4997229-5a5e-463d-b0fb-9785e90c13d6\" href=\"https:\/\/www.photoclubperignat-allier.com\/wp-content\/uploads\/2021\/12\/agipa119013_etiquettes-concours_perignat2014.doc\">Etiquette Word agipa119013<\/a><a href=\"https:\/\/www.photoclubperignat-allier.com\/wp-content\/uploads\/2021\/12\/agipa119013_etiquettes-concours_perignat2014.doc\" class=\"wp-block-file__button\" download aria-describedby=\"wp-block-file--media-e4997229-5a5e-463d-b0fb-9785e90c13d6\">T\u00e9l\u00e9charger<\/a><\/div>\n\n\n\n<div class=\"wp-block-file\"><a id=\"wp-block-file--media-301d9a2c-f0e6-4950-94f1-08c0b198d4f9\" href=\"https:\/\/www.photoclubperignat-allier.com\/wp-content\/uploads\/2021\/12\/agipa119013_etiquettes-concours_perignat2014.pdf\">Etiquette Pdf agipa119013<\/a><a href=\"https:\/\/www.photoclubperignat-allier.com\/wp-content\/uploads\/2021\/12\/agipa119013_etiquettes-concours_perignat2014.pdf\" class=\"wp-block-file__button\" download aria-describedby=\"wp-block-file--media-301d9a2c-f0e6-4950-94f1-08c0b198d4f9\">T\u00e9l\u00e9charger<\/a><\/div>\n\n\n\n<p><strong>AIDE MARIE-LOUISE &amp; PASSE-PARTOUT :<\/strong><br>Pour vous aider : Tuto pour r\u00e9aliser un passe-partout (Marie Louise)<br><a rel=\"noreferrer noopener\" href=\"https:\/\/www.youtube.com\/watch?v=3Hpf34As6YY\" target=\"_blank\">Le <strong>tuto vid\u00e9o<\/strong> pour tout comprendre<\/a><\/p>\n\n\n\n<p><a href=\"http:\/\/www.photoclubperignat-allier.com\/wp-content\/uploads\/2015\/04\/agipa119013_etiquettes-concours_perignat2014.pdf\">L<\/a><a rel=\"noreferrer noopener\" href=\"http:\/\/www.youtube.com\/watch?v=jBlH3AMACAo\" target=\"_blank\">e <strong>tuto Vid\u00e9o <\/strong>pour tout comprendre<\/a> (<strong>Etiquettes<\/strong>)<\/p>\n\n\n\n<figure class=\"wp-block-image size-large is-resized\"><a href=\"http:\/\/www.photoclubperignat-allier.com\/wp-content\/uploads\/2021\/12\/PROSPECTUS_INTERNET_11e_CONCOURS_NATIONAL_2022.jpg\"><img decoding=\"async\" loading=\"lazy\" src=\"http:\/\/www.photoclubperignat-allier.com\/wp-content\/uploads\/2021\/12\/PROSPECTUS_INTERNET_11e_CONCOURS_NATIONAL_2022-724x1024.jpg\" alt=\"\" class=\"wp-image-1733\" width=\"543\" height=\"768\" srcset=\"https:\/\/www.photoclubperignat-allier.com\/wp-content\/uploads\/2021\/12\/PROSPECTUS_INTERNET_11e_CONCOURS_NATIONAL_2022-724x1024.jpg 724w, https:\/\/www.photoclubperignat-allier.com\/wp-content\/uploads\/2021\/12\/PROSPECTUS_INTERNET_11e_CONCOURS_NATIONAL_2022-212x300.jpg 212w, https:\/\/www.photoclubperignat-allier.com\/wp-content\/uploads\/2021\/12\/PROSPECTUS_INTERNET_11e_CONCOURS_NATIONAL_2022-768x1086.jpg 768w, https:\/\/www.photoclubperignat-allier.com\/wp-content\/uploads\/2021\/12\/PROSPECTUS_INTERNET_11e_CONCOURS_NATIONAL_2022-1086x1536.jpg 1086w, https:\/\/www.photoclubperignat-allier.com\/wp-content\/uploads\/2021\/12\/PROSPECTUS_INTERNET_11e_CONCOURS_NATIONAL_2022.jpg 1240w\" sizes=\"(max-width: 543px) 100vw, 543px\" \/><\/a><\/figure>\n\n\n\n<figure class=\"wp-block-image size-large is-resized\"><a href=\"http:\/\/www.photoclubperignat-allier.com\/wp-content\/uploads\/2021\/11\/PATRONAGE-2022.jpg\"><img decoding=\"async\" loading=\"lazy\" src=\"http:\/\/www.photoclubperignat-allier.com\/wp-content\/uploads\/2021\/11\/PATRONAGE-2022-734x1024.jpg\" alt=\"\" class=\"wp-image-1650\" width=\"551\" height=\"768\" srcset=\"https:\/\/www.photoclubperignat-allier.com\/wp-content\/uploads\/2021\/11\/PATRONAGE-2022-734x1024.jpg 734w, https:\/\/www.photoclubperignat-allier.com\/wp-content\/uploads\/2021\/11\/PATRONAGE-2022-215x300.jpg 215w, https:\/\/www.photoclubperignat-allier.com\/wp-content\/uploads\/2021\/11\/PATRONAGE-2022-768x1071.jpg 768w, https:\/\/www.photoclubperignat-allier.com\/wp-content\/uploads\/2021\/11\/PATRONAGE-2022-1102x1536.jpg 1102w, https:\/\/www.photoclubperignat-allier.com\/wp-content\/uploads\/2021\/11\/PATRONAGE-2022.jpg 1377w\" sizes=\"(max-width: 551px) 100vw, 551px\" \/><\/a><\/figure>\n","protected":false},"excerpt":{"rendered":"<p>11\u00e8me concours National d\u2019art photographiquede P\u00e9rignat-sur-Allier Janvier 2022 Prix du public 2022 du concours national d\u2019art photographique de P\u00e9rignat-sur-Allier R\u00c9SULTATS : JURY : Juge 1 et pr\u00e9sident : G\u00e9rard BARBIER Juge 2 : Brigitte RONDEL Juge 3 : Daniel BOITEAU REGLEMENT : BORDEREAU : Au format Word (\u00e0 privil\u00e9gier pour faciliter la tache des b\u00e9n\u00e9voles) &hellip; <a href=\"https:\/\/www.photoclubperignat-allier.com\/?page_id=1635\" class=\"more-link\">Continuer la lecture de <span class=\"screen-reader-text\">CONCOURS 2022<\/span>  <span class=\"meta-nav\">&rarr;<\/span><\/a><\/p>\n","protected":false},"author":2,"featured_media":0,"parent":0,"menu_order":0,"comment_status":"closed","ping_status":"closed","template":"","meta":[],"_links":{"self":[{"href":"https:\/\/www.photoclubperignat-allier.com\/index.php?rest_route=\/wp\/v2\/pages\/1635"}],"collection":[{"href":"https:\/\/www.photoclubperignat-allier.com\/index.php?rest_route=\/wp\/v2\/pages"}],"about":[{"href":"https:\/\/www.photoclubperignat-allier.com\/index.php?rest_route=\/wp\/v2\/types\/page"}],"author":[{"embeddable":true,"href":"https:\/\/www.photoclubperignat-allier.com\/index.php?rest_route=\/wp\/v2\/users\/2"}],"replies":[{"embeddable":true,"href":"https:\/\/www.photoclubperignat-allier.com\/index.php?rest_route=%2Fwp%2Fv2%2Fcomments&post=1635"}],"version-history":[{"count":54,"href":"https:\/\/www.photoclubperignat-allier.com\/index.php?rest_route=\/wp\/v2\/pages\/1635\/revisions"}],"predecessor-version":[{"id":1879,"href":"https:\/\/www.photoclubperignat-allier.com\/index.php?rest_route=\/wp\/v2\/pages\/1635\/revisions\/1879"}],"wp:attachment":[{"href":"https:\/\/www.photoclubperignat-allier.com\/index.php?rest_route=%2Fwp%2Fv2%2Fmedia&parent=1635"}],"curies":[{"name":"wp","href":"https:\/\/api.w.org\/{rel}","templated":true}]}}