{"id":133,"date":"2015-04-29T14:05:01","date_gmt":"2015-04-29T13:05:01","guid":{"rendered":"http:\/\/www.photoclubperignat-allier.com\/?page_id=133"},"modified":"2015-04-29T14:17:39","modified_gmt":"2015-04-29T13:17:39","slug":"concours-2013","status":"publish","type":"page","link":"https:\/\/www.photoclubperignat-allier.com\/?page_id=133","title":{"rendered":"Concours 2013"},"content":{"rendered":"<p>D\u00e9tails :<a href=\"http:\/\/www.photoclubperignat-allier.com\/wp-content\/uploads\/2015\/04\/Concours-2013-_-Club-Photo-de-P\u00e9rignat-sur-Allier1.pdf\" target=\"_blank\"> Concours 2013 _ Club Photo de P\u00e9rignat-sur-Allier<\/a><\/p>\n<p style=\"text-align: center;\"><strong>R\u00e9sultats<\/strong><\/p>\n<p style=\"text-align: center;\">Couleur Papier :\u00a0 <a href=\"http:\/\/www.photoclubperignat-allier.com\/wp-content\/uploads\/2015\/04\/20130124-121050_Classement_CPd.pdf\" target=\"_blank\">20130124-121050_Classement_CPd<br \/>\n<\/a>Papier monochrome : <a href=\"http:\/\/www.photoclubperignat-allier.com\/wp-content\/uploads\/2015\/04\/20130124-121127_Classement_NB.pdf\">20130124-121127_Classement_NB<\/a><a href=\"http:\/\/www.photoclubperignat-allier.com\/wp-content\/uploads\/2015\/04\/20130124-121141_Palmares.pdf\" target=\"_blank\"><br \/>\n<\/a>Palmar\u00e8s :<a href=\"http:\/\/www.photoclubperignat-allier.com\/wp-content\/uploads\/2015\/04\/20130124-121141_Palmares.pdf\" target=\"_blank\"> 20130124-121141_Palmares<\/a><\/p>\n","protected":false},"excerpt":{"rendered":"<p>D\u00e9tails : Concours 2013 _ Club Photo de P\u00e9rignat-sur-Allier R\u00e9sultats Couleur Papier :\u00a0 20130124-121050_Classement_CPd Papier monochrome : 20130124-121127_Classement_NB Palmar\u00e8s : 20130124-121141_Palmares<\/p>\n","protected":false},"author":1,"featured_media":0,"parent":0,"menu_order":0,"comment_status":"closed","ping_status":"closed","template":"","meta":[],"_links":{"self":[{"href":"https:\/\/www.photoclubperignat-allier.com\/index.php?rest_route=\/wp\/v2\/pages\/133"}],"collection":[{"href":"https:\/\/www.photoclubperignat-allier.com\/index.php?rest_route=\/wp\/v2\/pages"}],"about":[{"href":"https:\/\/www.photoclubperignat-allier.com\/index.php?rest_route=\/wp\/v2\/types\/page"}],"author":[{"embeddable":true,"href":"https:\/\/www.photoclubperignat-allier.com\/index.php?rest_route=\/wp\/v2\/users\/1"}],"replies":[{"embeddable":true,"href":"https:\/\/www.photoclubperignat-allier.com\/index.php?rest_route=%2Fwp%2Fv2%2Fcomments&post=133"}],"version-history":[{"count":6,"href":"https:\/\/www.photoclubperignat-allier.com\/index.php?rest_route=\/wp\/v2\/pages\/133\/revisions"}],"predecessor-version":[{"id":158,"href":"https:\/\/www.photoclubperignat-allier.com\/index.php?rest_route=\/wp\/v2\/pages\/133\/revisions\/158"}],"wp:attachment":[{"href":"https:\/\/www.photoclubperignat-allier.com\/index.php?rest_route=%2Fwp%2Fv2%2Fmedia&parent=133"}],"curies":[{"name":"wp","href":"https:\/\/api.w.org\/{rel}","templated":true}]}}