{"id":1315,"date":"2020-11-10T18:57:44","date_gmt":"2020-11-10T17:57:44","guid":{"rendered":"http:\/\/www.photoclubperignat-allier.com\/?page_id=1315"},"modified":"2021-07-16T18:46:49","modified_gmt":"2021-07-16T17:46:49","slug":"concours-2021","status":"publish","type":"page","link":"https:\/\/www.photoclubperignat-allier.com\/?page_id=1315","title":{"rendered":"Concours 2021"},"content":{"rendered":"\n<div class=\"wp-block-file\"><a href=\"http:\/\/www.photoclubperignat-allier.com\/wp-content\/uploads\/2021\/07\/Catalogue-2021-Perignat-sur-Allier.pdf\">Catalogue-2021-Perignat-sur-Allier<\/a><a href=\"http:\/\/www.photoclubperignat-allier.com\/wp-content\/uploads\/2021\/07\/Catalogue-2021-Perignat-sur-Allier.pdf\" class=\"wp-block-file__button\" download>T\u00e9l\u00e9charger<\/a><\/div>\n\n\n\n<p style=\"font-size:22px\">Le Prix du public 2021 du concours d&rsquo;art photographique de Perignat sur Allier est d\u00e9cern\u00e9 \u00e0 <strong>ANNE-MARIE ETIENNE<\/strong><\/p>\n\n\n\n<div class=\"wp-block-image\"><figure class=\"aligncenter size-full is-resized\"><a href=\"http:\/\/www.photoclubperignat-allier.com\/wp-content\/uploads\/2021\/07\/Etienne-Anne-Marie-Earings.jpg\"><img decoding=\"async\" loading=\"lazy\" src=\"http:\/\/www.photoclubperignat-allier.com\/wp-content\/uploads\/2021\/07\/Etienne-Anne-Marie-Earings.jpg\" alt=\"\" class=\"wp-image-1606\" width=\"413\" height=\"620\" srcset=\"https:\/\/www.photoclubperignat-allier.com\/wp-content\/uploads\/2021\/07\/Etienne-Anne-Marie-Earings.jpg 1280w, https:\/\/www.photoclubperignat-allier.com\/wp-content\/uploads\/2021\/07\/Etienne-Anne-Marie-Earings-200x300.jpg 200w, https:\/\/www.photoclubperignat-allier.com\/wp-content\/uploads\/2021\/07\/Etienne-Anne-Marie-Earings-683x1024.jpg 683w, https:\/\/www.photoclubperignat-allier.com\/wp-content\/uploads\/2021\/07\/Etienne-Anne-Marie-Earings-768x1152.jpg 768w, https:\/\/www.photoclubperignat-allier.com\/wp-content\/uploads\/2021\/07\/Etienne-Anne-Marie-Earings-1024x1536.jpg 1024w\" sizes=\"(max-width: 413px) 100vw, 413px\" \/><\/a><figcaption><strong>EARINGS<\/strong>   &#8211;  <strong><span class=\"has-inline-color has-dark-gray-color\">Photo de Anne-Marie ETIENNE<\/span><\/strong> <\/figcaption><\/figure><\/div>\n\n\n\n<p style=\"font-size:21px\"><strong>Les r\u00e9sultats du concours national d&rsquo;art photographique de P\u00e9rignat-sur Allier 20<\/strong>21<\/p>\n\n\n\n<div class=\"wp-block-file\"><a href=\"http:\/\/www.photoclubperignat-allier.com\/wp-content\/uploads\/2021\/05\/20210522-173547_Classement_NB-1.pdf\">20210522-173547_Classement_NB-1<\/a><a href=\"http:\/\/www.photoclubperignat-allier.com\/wp-content\/uploads\/2021\/05\/20210522-173547_Classement_NB-1.pdf\" class=\"wp-block-file__button\" download>T\u00e9l\u00e9charger<\/a><\/div>\n\n\n\n<div class=\"wp-block-file\"><a href=\"http:\/\/www.photoclubperignat-allier.com\/wp-content\/uploads\/2021\/05\/20210522-173636_Classement_CP-1.pdf\">20210522-173636_Classement_CP-1<\/a><a href=\"http:\/\/www.photoclubperignat-allier.com\/wp-content\/uploads\/2021\/05\/20210522-173636_Classement_CP-1.pdf\" class=\"wp-block-file__button\" download>T\u00e9l\u00e9charger<\/a><\/div>\n\n\n\n<div class=\"wp-block-file\"><a href=\"http:\/\/www.photoclubperignat-allier.com\/wp-content\/uploads\/2021\/05\/20210522-173725_Classement_NA-1.pdf\">20210522-173725_Classement_NA-1<\/a><a href=\"http:\/\/www.photoclubperignat-allier.com\/wp-content\/uploads\/2021\/05\/20210522-173725_Classement_NA-1.pdf\" class=\"wp-block-file__button\" download>T\u00e9l\u00e9charger<\/a><\/div>\n\n\n\n<div class=\"wp-block-file\"><a href=\"http:\/\/www.photoclubperignat-allier.com\/wp-content\/uploads\/2021\/05\/20210526-103521_Palmares-2.pdf\">20210526-103521_Palmares-2<\/a><a href=\"http:\/\/www.photoclubperignat-allier.com\/wp-content\/uploads\/2021\/05\/20210526-103521_Palmares-2.pdf\" class=\"wp-block-file__button\" download>T\u00e9l\u00e9charger<\/a><\/div>\n\n\n\n<p><strong>Statistiques<\/strong> :<\/p>\n\n\n\n<figure class=\"wp-block-table\"><table><tbody><tr><td>Cat\u00e9gories<\/td><td>Photos re\u00e7ues<\/td><td>Auteurs<\/td><td>Photos admises<\/td><td>Photos expos\u00e9es<\/td><\/tr><tr><td>Couleur Papier<\/td><td>387<\/td><td>119<\/td><td>81<\/td><td>&nbsp;<\/td><\/tr><tr><td>Monochrome<\/td><td>333<\/td><td>107<\/td><td>74<\/td><td>&nbsp;<\/td><\/tr><tr><td>Nature<\/td><td>217<\/td><td>66<\/td><td>50<\/td><td>&nbsp;<\/td><\/tr><tr><td>Total<\/td><td>937<\/td><td>140<\/td><td>205<\/td><td>&nbsp;<\/td><\/tr><\/tbody><\/table><\/figure>\n\n\n\n<h2 class=\"has-text-align-center wp-block-heading\"><strong>10\u00e8me concours National d\u2019art photographique<br> de P\u00e9rignat-sur-Allier Janvier 2021<\/strong><\/h2>\n\n\n\n<p><strong>Cher(e)s ami(e)s photographes bonjour,<\/strong><\/p>\n\n\n\n<p class=\"has-text-color\" style=\"color:#f9090f\">Apr\u00e8s quelques mois de retards, a cause du covid19, <strong>je vous annonce que le jugement du dixi\u00e8me Salon National d&rsquo;Art Photographique de P\u00e9rignat sur Allier se d\u00e9roulera le 21 et 22 mai.<\/strong><\/p>\n\n\n\n<p>Les salles de la municipalit\u00e9 \u00e9tant ferm\u00e9es, il va se d\u00e9rouler \u00e0 mon domicile. Nous avons fait le test avec le r\u00e9gional de l&rsquo;UR 10, il y a suffisamment de place pour qu&rsquo;il puisse se faire en bonne et due forme et en toute s\u00e9curit\u00e9.<\/p>\n\n\n\n<p><strong>Les r\u00e9sultats appara\u00eetrons sur notre site le dimanche 30 mai.<\/strong><\/p>\n\n\n\n<p>\u00c0 l&rsquo;heure actuelle je suis incapable de donner une date pour l&rsquo;exposition des photos retenues. Je vous pr\u00e9viendrai par mail et elle sera not\u00e9 sur le site du Club.<\/p>\n\n\n\n<p>Merci de votre compr\u00e9hension.<\/p>\n\n\n\n<p>Tr\u00e8s cordialement&nbsp;&#8211; &nbsp;Armand AMENTA<\/p>\n\n\n\n<p><\/p>\n\n\n\n<p class=\"has-white-background-color has-text-color has-background has-medium-font-size\" style=\"color:#1000a3\">Chers amis photographes,<\/p>\n\n\n\n<p class=\"has-white-background-color has-text-color has-background\" style=\"color:#1000a3;font-size:19px\">La situation sanitaire actuelle ne nous permet toujours pas d&rsquo;organiser le jugement du 10e concours national. Des envois sont encore possible. Pour tout renseignement contacter Mr AMENTA Armand au 06 61 90 59 37. Lorsque la situation le permettra, chaque participant sera inform\u00e9 par mail de la date du jugement.      Armand AMENTA Pr\u00e9sident du club photo de Perignat sur Allier.<\/p>\n\n\n\n<p><\/p>\n\n\n\n<p><strong>Le couvre feu d\u00e9cr\u00e9t\u00e9 par le gouvernement \u00e0 18h, va nous poser de s\u00e9rieux probl\u00e8mes pour organiser le jugement \u00e0 la date du 22 et 23 janvier.<\/strong><\/p>\n\n\n\n<p><strong>C&rsquo;est a contre c\u0153ur que je vous annonce sont report \u00e0 une date ult\u00e9rieure.<\/strong><\/p>\n\n\n\n<p><strong>Nous allons attendre les nouvelles directives des hautes autorit\u00e9s.<\/strong><\/p>\n\n\n\n<p><strong>Par contre , les retardataires ont un peu plus de temps et peuvent encore envoyer des photos .<\/strong><\/p>\n\n\n\n<p><strong>Armand AMENTA, pr\u00e9sident du club photo de Perignat es Allier<\/strong><\/p>\n\n\n\n<figure class=\"wp-block-image size-large\"><img decoding=\"async\" loading=\"lazy\" width=\"1024\" height=\"905\" src=\"http:\/\/www.photoclubperignat-allier.com\/wp-content\/uploads\/2020\/11\/partenaires-5-1-1024x905.jpg\" alt=\"\" class=\"wp-image-1341\" srcset=\"https:\/\/www.photoclubperignat-allier.com\/wp-content\/uploads\/2020\/11\/partenaires-5-1-1024x905.jpg 1024w, https:\/\/www.photoclubperignat-allier.com\/wp-content\/uploads\/2020\/11\/partenaires-5-1-300x265.jpg 300w, https:\/\/www.photoclubperignat-allier.com\/wp-content\/uploads\/2020\/11\/partenaires-5-1-768x679.jpg 768w, https:\/\/www.photoclubperignat-allier.com\/wp-content\/uploads\/2020\/11\/partenaires-5-1.jpg 1253w\" sizes=\"(max-width: 1024px) 100vw, 1024px\" \/><\/figure>\n\n\n\n<figure class=\"wp-block-image size-large\"><img decoding=\"async\" loading=\"lazy\" width=\"736\" height=\"1024\" src=\"http:\/\/www.photoclubperignat-allier.com\/wp-content\/uploads\/2020\/11\/10e_CONCOURS_NATIONAL_2021-1-736x1024.jpg\" alt=\"\" class=\"wp-image-1335\" srcset=\"https:\/\/www.photoclubperignat-allier.com\/wp-content\/uploads\/2020\/11\/10e_CONCOURS_NATIONAL_2021-1-736x1024.jpg 736w, https:\/\/www.photoclubperignat-allier.com\/wp-content\/uploads\/2020\/11\/10e_CONCOURS_NATIONAL_2021-1-216x300.jpg 216w, https:\/\/www.photoclubperignat-allier.com\/wp-content\/uploads\/2020\/11\/10e_CONCOURS_NATIONAL_2021-1-768x1068.jpg 768w, https:\/\/www.photoclubperignat-allier.com\/wp-content\/uploads\/2020\/11\/10e_CONCOURS_NATIONAL_2021-1.jpg 875w\" sizes=\"(max-width: 736px) 100vw, 736px\" \/><\/figure>\n\n\n\n<figure class=\"wp-block-image size-large\"><img decoding=\"async\" loading=\"lazy\" width=\"716\" height=\"1024\" src=\"http:\/\/www.photoclubperignat-allier.com\/wp-content\/uploads\/2020\/11\/Patronage-salon-2021-1-716x1024.jpg\" alt=\"\" class=\"wp-image-1330\" srcset=\"https:\/\/www.photoclubperignat-allier.com\/wp-content\/uploads\/2020\/11\/Patronage-salon-2021-1-716x1024.jpg 716w, https:\/\/www.photoclubperignat-allier.com\/wp-content\/uploads\/2020\/11\/Patronage-salon-2021-1-210x300.jpg 210w, https:\/\/www.photoclubperignat-allier.com\/wp-content\/uploads\/2020\/11\/Patronage-salon-2021-1-768x1099.jpg 768w, https:\/\/www.photoclubperignat-allier.com\/wp-content\/uploads\/2020\/11\/Patronage-salon-2021-1-1074x1536.jpg 1074w, https:\/\/www.photoclubperignat-allier.com\/wp-content\/uploads\/2020\/11\/Patronage-salon-2021-1-1432x2048.jpg 1432w, https:\/\/www.photoclubperignat-allier.com\/wp-content\/uploads\/2020\/11\/Patronage-salon-2021-1-scaled.jpg 1790w\" sizes=\"(max-width: 716px) 100vw, 716px\" \/><\/figure>\n\n\n\n<div class=\"wp-block-file\"><a href=\"http:\/\/www.photoclubperignat-allier.com\/wp-content\/uploads\/2020\/11\/reglement_concours_2021.pdf\">R\u00e8glement_concours_2021<\/a><a href=\"http:\/\/www.photoclubperignat-allier.com\/wp-content\/uploads\/2020\/11\/reglement_concours_2021.pdf\" class=\"wp-block-file__button\" download>T\u00e9l\u00e9charger<\/a><\/div>\n\n\n\n<div class=\"wp-block-file\"><a href=\"http:\/\/www.photoclubperignat-allier.com\/wp-content\/uploads\/2020\/11\/bordereau_2021.doc\">bordereau_2021<\/a><a href=\"http:\/\/www.photoclubperignat-allier.com\/wp-content\/uploads\/2020\/11\/bordereau_2021.doc\" class=\"wp-block-file__button\" download>T\u00e9l\u00e9charger<\/a><\/div>\n\n\n\n<p><strong>Bordereau : <\/strong>au format Word (<strong>\u00e0 privil\u00e9gier<\/strong> pour faciliter la tache des b\u00e9n\u00e9voles) :  <em><a href=\"http:\/\/www.photoclubperignat-allier.com\/wp-content\/uploads\/2019\/10\/bordereau_2020-1.pdf\">Bordereau au format PDF<\/a>  (pr\u00e9f\u00e9rez le bordereau rempli au format Word ci-dessus si possible) : <\/em><br><strong>Aide : \u00c9tiquettes<\/strong> Fichier pour \u00e9tiquettes Agipa 119013 au format Word <a rel=\"noreferrer noopener\" href=\"http:\/\/www.photoclubperignat-allier.com\/wp-content\/uploads\/2015\/04\/agipa119013_etiquettes-concours_perignat2014.zip\" target=\"_blank\">\u00c9tiquettes Word<\/a> et au format PDF  <a rel=\"noreferrer noopener\" href=\"http:\/\/www.photoclubperignat-allier.com\/wp-content\/uploads\/2015\/04\/agipa119013_etiquettes-concours_perignat2014.pdf\" target=\"_blank\">Etiquette PDF<\/a> (<a rel=\"noreferrer noopener\" href=\"http:\/\/www.youtube.com\/watch?v=jBlH3AMACAo\" target=\"_blank\">le tuto pour tout comprendre<\/a>)<br><strong>Aide : Marie-Louise et Passe-Partout<\/strong> Pour vous aider : Tuto pour r\u00e9aliser un passe-partout (Marie Louise) (<a rel=\"noreferrer noopener\" href=\"https:\/\/www.youtube.com\/watch?v=3Hpf34As6YY\" target=\"_blank\">le tuto pour tout comprendre<\/a>) <\/p>\n\n\n\n<div class=\"wp-block-image\"><figure class=\"aligncenter\"><a href=\"https:\/\/www.facebook.com\/concours63\" target=\"_blank\" rel=\"noreferrer noopener\"><img decoding=\"async\" loading=\"lazy\" width=\"310\" height=\"80\" src=\"http:\/\/www.photoclubperignat-allier.com\/wp-content\/uploads\/2015\/04\/logo-facebook.jpg\" alt=\"logo-facebook\" class=\"wp-image-97\" srcset=\"https:\/\/www.photoclubperignat-allier.com\/wp-content\/uploads\/2015\/04\/logo-facebook.jpg 310w, https:\/\/www.photoclubperignat-allier.com\/wp-content\/uploads\/2015\/04\/logo-facebook-300x77.jpg 300w\" sizes=\"(max-width: 310px) 100vw, 310px\" \/><\/a><\/figure><\/div>\n\n\n\n<p><strong>Jury<\/strong> :  <\/p>\n\n\n\n<p>Juge 1 et pr\u00e9sident :<strong> Albert DEBIEVE<\/strong><br>Juge 2 :    <strong>Sophie BELLONI<\/strong><br>Juge 3 :    <strong>Philippe PORTIER<\/strong><\/p>\n\n\n\n<p><strong>Le mot du pr\u00e9sident <\/strong> En cours de r\u00e9daction <strong>Armand Amenta<\/strong><\/p>\n\n\n\n<hr class=\"wp-block-separator\"\/>\n\n\n\n<p><strong>Informations g\u00e9n\u00e9rales<\/strong> <em> Un catalogue des meilleures photos sera remis \u00e0 tous les participants.<\/em><\/p>\n\n\n\n<figure class=\"wp-block-table\"><table><tbody><tr><td><em>Date limite de r\u00e9ception des envois<\/em><\/td><td><strong><em>16\/01\/2021<\/em><\/strong><\/td><\/tr><tr><td><em>Jugement<\/em><\/td><td><strong>22 et 23\/01<\/strong><em style=\"font-weight: bold;\"><strong>\/2021<\/strong><\/em><\/td><\/tr><tr><td><em>Notification des r\u00e9sultats sur le site du club<\/em><\/td><td><strong>30\/01<\/strong><em style=\"font-weight: bold;\"><strong>\/2021<\/strong><\/em><\/td><\/tr><tr><td><em>Exposition, salle de la mairie de P\u00e9rignat-sur-Allier<\/em><\/td><td><em>du <\/em> <strong><em>20\/02\/2021<\/em><\/strong><em> au <\/em> <strong><em>28\/02\/2021<\/em><\/strong><\/td><\/tr><\/tbody><\/table><\/figure>\n\n\n\n<div class=\"wp-block-image\"><figure class=\"aligncenter\"><a href=\"https:\/\/www.facebook.com\/concours63\" target=\"_blank\" rel=\"noreferrer noopener\"><img decoding=\"async\" loading=\"lazy\" width=\"310\" height=\"80\" src=\"http:\/\/www.photoclubperignat-allier.com\/wp-content\/uploads\/2015\/04\/logo-facebook.jpg\" alt=\"logo-facebook\" class=\"wp-image-97\" srcset=\"https:\/\/www.photoclubperignat-allier.com\/wp-content\/uploads\/2015\/04\/logo-facebook.jpg 310w, https:\/\/www.photoclubperignat-allier.com\/wp-content\/uploads\/2015\/04\/logo-facebook-300x77.jpg 300w\" sizes=\"(max-width: 310px) 100vw, 310px\" \/><\/a><\/figure><\/div>\n\n\n\n<p><strong>Bordereau : <\/strong>au format Word (<strong>\u00e0 privil\u00e9gier<\/strong> pour faciliter la tache des b\u00e9n\u00e9voles) :  <em>Bordereau au format Pdf (pr\u00e9f\u00e9rez le bordereau au format Word ci-dessus si possible) : <\/em><br><strong>Aide : \u00c9tiquettes<\/strong> Fichier pour \u00e9tiquettes Agipa 119013 au format Word <a rel=\"noreferrer noopener\" href=\"http:\/\/www.photoclubperignat-allier.com\/wp-content\/uploads\/2015\/04\/agipa119013_etiquettes-concours_perignat2014.zip\" target=\"_blank\">Etiquettes Word<\/a> et au format Pdf <a rel=\"noreferrer noopener\" href=\"http:\/\/www.photoclubperignat-allier.com\/wp-content\/uploads\/2015\/04\/agipa119013_etiquettes-concours_perignat2014.pdf\" target=\"_blank\">Etiquette Pdf<\/a> (<a rel=\"noreferrer noopener\" href=\"http:\/\/www.youtube.com\/watch?v=jBlH3AMACAo\" target=\"_blank\">le tuto pour tout comprendre<\/a>)<br><strong>Aide : Marie-Louise et Passe-Partout<\/strong> Pour vous aider : Tuto pour r\u00e9aliser un passe-partout (Marie Louise) (<a rel=\"noreferrer noopener\" href=\"https:\/\/www.youtube.com\/watch?v=3Hpf34As6YY\" target=\"_blank\">le tuto pour tout comprendre<\/a>)<\/p>\n\n\n\n<div style=\"text-align:center;\"><div style=\"margin:8px 0px 4px;\"><a href=\"https:\/\/www.calameo.com\/books\/003237087759639330e5e\" target=\"_blank\" rel=\"noopener\">Catalogue Concours d&rsquo;art photographique de P\u00e9rignat-sur-Allier 2021<\/a><\/div><iframe loading=\"lazy\" src=\"\/\/v.calameo.com\/?bkcode=003237087759639330e5e\" scrolling=\"no\" allowtransparency=\"\" allowfullscreen=\"\" style=\"margin:0 auto;\" width=\"500\" height=\"323\" frameborder=\"0\"><\/iframe><div style=\"margin:4px 0px 8px;\"><a href=\"http:\/\/www.calameo.com\/\">Publish at Calameo<\/a><\/div><\/div>\n\n\n\n<hr class=\"wp-block-separator\"\/>\n\n\n\n<p><strong>Statistiques<\/strong><\/p>\n\n\n\n<figure class=\"wp-block-table\"><table><tbody><tr><td>Cat\u00e9gories<\/td><td>Photos re\u00e7ues<\/td><td>Auteurs<\/td><td>Photos admises<\/td><td>Photos expos\u00e9es<\/td><\/tr><tr><td>Couleur Papier<\/td><td>387<\/td><td>119<\/td><td>81<\/td><td>&nbsp;<\/td><\/tr><tr><td>Monochrome<\/td><td>217<\/td><td>66<\/td><td>74<\/td><td>&nbsp;<\/td><\/tr><tr><td>Nature<\/td><td>333<\/td><td>107<\/td><td>50<\/td><td>&nbsp;<\/td><\/tr><tr><td>Total<\/td><td>937<\/td><td>140<\/td><td>205<\/td><td>&nbsp;<\/td><\/tr><\/tbody><\/table><\/figure>\n\n\n\n<hr class=\"wp-block-separator\"\/>\n\n\n\n<h2 class=\"wp-block-heading\"><br> <\/h2>\n\n\n\n<div class=\"wp-block-image\"><figure class=\"aligncenter\"><a href=\"https:\/\/www.facebook.com\/concours63\" target=\"_blank\" rel=\"noreferrer noopener\"><img decoding=\"async\" loading=\"lazy\" width=\"310\" height=\"80\" src=\"http:\/\/www.photoclubperignat-allier.com\/wp-content\/uploads\/2015\/04\/logo-facebook.jpg\" alt=\"logo-facebook\" class=\"wp-image-97\" srcset=\"https:\/\/www.photoclubperignat-allier.com\/wp-content\/uploads\/2015\/04\/logo-facebook.jpg 310w, https:\/\/www.photoclubperignat-allier.com\/wp-content\/uploads\/2015\/04\/logo-facebook-300x77.jpg 300w\" sizes=\"(max-width: 310px) 100vw, 310px\" \/><\/a><\/figure><\/div>\n\n\n\n<p><\/p>\n","protected":false},"excerpt":{"rendered":"<p>Le Prix du public 2021 du concours d&rsquo;art photographique de Perignat sur Allier est d\u00e9cern\u00e9 \u00e0 ANNE-MARIE ETIENNE Les r\u00e9sultats du concours national d&rsquo;art photographique de P\u00e9rignat-sur Allier 2021 Statistiques : Cat\u00e9gories Photos re\u00e7ues Auteurs Photos admises Photos expos\u00e9es Couleur Papier 387 119 81 &nbsp; Monochrome 333 107 74 &nbsp; Nature 217 66 50 &nbsp; &hellip; <a href=\"https:\/\/www.photoclubperignat-allier.com\/?page_id=1315\" class=\"more-link\">Continuer la lecture de <span class=\"screen-reader-text\">Concours 2021<\/span>  <span class=\"meta-nav\">&rarr;<\/span><\/a><\/p>\n","protected":false},"author":2,"featured_media":0,"parent":0,"menu_order":0,"comment_status":"closed","ping_status":"closed","template":"","meta":[],"_links":{"self":[{"href":"https:\/\/www.photoclubperignat-allier.com\/index.php?rest_route=\/wp\/v2\/pages\/1315"}],"collection":[{"href":"https:\/\/www.photoclubperignat-allier.com\/index.php?rest_route=\/wp\/v2\/pages"}],"about":[{"href":"https:\/\/www.photoclubperignat-allier.com\/index.php?rest_route=\/wp\/v2\/types\/page"}],"author":[{"embeddable":true,"href":"https:\/\/www.photoclubperignat-allier.com\/index.php?rest_route=\/wp\/v2\/users\/2"}],"replies":[{"embeddable":true,"href":"https:\/\/www.photoclubperignat-allier.com\/index.php?rest_route=%2Fwp%2Fv2%2Fcomments&post=1315"}],"version-history":[{"count":28,"href":"https:\/\/www.photoclubperignat-allier.com\/index.php?rest_route=\/wp\/v2\/pages\/1315\/revisions"}],"predecessor-version":[{"id":1828,"href":"https:\/\/www.photoclubperignat-allier.com\/index.php?rest_route=\/wp\/v2\/pages\/1315\/revisions\/1828"}],"wp:attachment":[{"href":"https:\/\/www.photoclubperignat-allier.com\/index.php?rest_route=%2Fwp%2Fv2%2Fmedia&parent=1315"}],"curies":[{"name":"wp","href":"https:\/\/api.w.org\/{rel}","templated":true}]}}