{"id":125,"date":"2015-04-29T14:04:09","date_gmt":"2015-04-29T13:04:09","guid":{"rendered":"http:\/\/www.photoclubperignat-allier.com\/?page_id=125"},"modified":"2015-04-29T14:15:13","modified_gmt":"2015-04-29T13:15:13","slug":"concours-2012","status":"publish","type":"page","link":"https:\/\/www.photoclubperignat-allier.com\/?page_id=125","title":{"rendered":"Concours 2012"},"content":{"rendered":"<p>D\u00e9tails :<a href=\"http:\/\/www.photoclubperignat-allier.com\/wp-content\/uploads\/2015\/04\/Concours-2012-_-Club-Photo-de-P\u00e9rignat-sur-Allier.pdf\" target=\"_blank\"> Concours 2012 _ Club Photo de P\u00e9rignat-sur-Allier<\/a><\/p>\n<p style=\"text-align: center;\"><strong>R\u00e9sultats<\/strong><\/p>\n<p style=\"text-align: center;\">Couleur papier : <a href=\"http:\/\/www.photoclubperignat-allier.com\/wp-content\/uploads\/2015\/04\/20120201-234850_Classement_CP8l.pdf\" target=\"_blank\">20120201-234850_Classement_CP8l<br \/>\n<\/a>Papier Monochrome : <a href=\"http:\/\/www.photoclubperignat-allier.com\/wp-content\/uploads\/2015\/04\/20120201-234929_Classement_NBf.pdf\" target=\"_blank\">20120201-234929_Classement_NBf<\/a><br \/>\nPalmar\u00e8s : <a href=\"http:\/\/www.photoclubperignat-allier.com\/wp-content\/uploads\/2015\/04\/20120202-000239_Palmares6.pdf\" target=\"_blank\">20120202-000239_Palmares6<\/a><\/p>\n","protected":false},"excerpt":{"rendered":"<p>D\u00e9tails : Concours 2012 _ Club Photo de P\u00e9rignat-sur-Allier R\u00e9sultats Couleur papier : 20120201-234850_Classement_CP8l Papier Monochrome : 20120201-234929_Classement_NBf Palmar\u00e8s : 20120202-000239_Palmares6<\/p>\n","protected":false},"author":1,"featured_media":0,"parent":0,"menu_order":0,"comment_status":"closed","ping_status":"closed","template":"","meta":[],"_links":{"self":[{"href":"https:\/\/www.photoclubperignat-allier.com\/index.php?rest_route=\/wp\/v2\/pages\/125"}],"collection":[{"href":"https:\/\/www.photoclubperignat-allier.com\/index.php?rest_route=\/wp\/v2\/pages"}],"about":[{"href":"https:\/\/www.photoclubperignat-allier.com\/index.php?rest_route=\/wp\/v2\/types\/page"}],"author":[{"embeddable":true,"href":"https:\/\/www.photoclubperignat-allier.com\/index.php?rest_route=\/wp\/v2\/users\/1"}],"replies":[{"embeddable":true,"href":"https:\/\/www.photoclubperignat-allier.com\/index.php?rest_route=%2Fwp%2Fv2%2Fcomments&post=125"}],"version-history":[{"count":5,"href":"https:\/\/www.photoclubperignat-allier.com\/index.php?rest_route=\/wp\/v2\/pages\/125\/revisions"}],"predecessor-version":[{"id":157,"href":"https:\/\/www.photoclubperignat-allier.com\/index.php?rest_route=\/wp\/v2\/pages\/125\/revisions\/157"}],"wp:attachment":[{"href":"https:\/\/www.photoclubperignat-allier.com\/index.php?rest_route=%2Fwp%2Fv2%2Fmedia&parent=125"}],"curies":[{"name":"wp","href":"https:\/\/api.w.org\/{rel}","templated":true}]}}