{"id":119,"date":"2015-04-29T13:59:53","date_gmt":"2015-04-29T12:59:53","guid":{"rendered":"http:\/\/www.photoclubperignat-allier.com\/?page_id=119"},"modified":"2015-04-29T14:14:18","modified_gmt":"2015-04-29T13:14:18","slug":"concours-2014","status":"publish","type":"page","link":"https:\/\/www.photoclubperignat-allier.com\/?page_id=119","title":{"rendered":"Concours 2014"},"content":{"rendered":"<p>D\u00e9tails :<a href=\"http:\/\/www.photoclubperignat-allier.com\/wp-content\/uploads\/2015\/04\/Concours-2014-_-Club-Photo-de-P\u00e9rignat-sur-Allier.pdf\" target=\"_blank\"> Concours 2014 _ Club Photo de P\u00e9rignat-sur-Allier<\/a><\/p>\n<p style=\"text-align: center;\"><strong>R\u00e9sultats<\/strong><\/p>\n<p style=\"text-align: center;\">Papier Couleur :<a href=\"http:\/\/www.photoclubperignat-allier.com\/wp-content\/uploads\/2015\/04\/20140127-224615_Classement_CP.pdf\" target=\"_blank\"> 20140127-224615_Classement_CP<br \/>\n<\/a> Papier Monochrome : <a href=\"http:\/\/www.photoclubperignat-allier.com\/wp-content\/uploads\/2015\/04\/20140127-224731_Classement_NB.pdf\" target=\"_blank\">20140127-224731_Classement_NB<\/a><br \/>\nPalmar\u00e8s :<a href=\"http:\/\/www.photoclubperignat-allier.com\/wp-content\/uploads\/2015\/04\/20140127-230419_Palmares.pdf\" target=\"_blank\"> 20140127-230419_Palmares<\/a><\/p>\n<p style=\"text-align: center;\">\n","protected":false},"excerpt":{"rendered":"<p>D\u00e9tails : Concours 2014 _ Club Photo de P\u00e9rignat-sur-Allier R\u00e9sultats Papier Couleur : 20140127-224615_Classement_CP Papier Monochrome : 20140127-224731_Classement_NB Palmar\u00e8s : 20140127-230419_Palmares<\/p>\n","protected":false},"author":1,"featured_media":0,"parent":0,"menu_order":0,"comment_status":"closed","ping_status":"closed","template":"","meta":[],"_links":{"self":[{"href":"https:\/\/www.photoclubperignat-allier.com\/index.php?rest_route=\/wp\/v2\/pages\/119"}],"collection":[{"href":"https:\/\/www.photoclubperignat-allier.com\/index.php?rest_route=\/wp\/v2\/pages"}],"about":[{"href":"https:\/\/www.photoclubperignat-allier.com\/index.php?rest_route=\/wp\/v2\/types\/page"}],"author":[{"embeddable":true,"href":"https:\/\/www.photoclubperignat-allier.com\/index.php?rest_route=\/wp\/v2\/users\/1"}],"replies":[{"embeddable":true,"href":"https:\/\/www.photoclubperignat-allier.com\/index.php?rest_route=%2Fwp%2Fv2%2Fcomments&post=119"}],"version-history":[{"count":6,"href":"https:\/\/www.photoclubperignat-allier.com\/index.php?rest_route=\/wp\/v2\/pages\/119\/revisions"}],"predecessor-version":[{"id":1791,"href":"https:\/\/www.photoclubperignat-allier.com\/index.php?rest_route=\/wp\/v2\/pages\/119\/revisions\/1791"}],"wp:attachment":[{"href":"https:\/\/www.photoclubperignat-allier.com\/index.php?rest_route=%2Fwp%2Fv2%2Fmedia&parent=119"}],"curies":[{"name":"wp","href":"https:\/\/api.w.org\/{rel}","templated":true}]}}