{"id":637,"date":"2019-01-15T11:39:05","date_gmt":"2019-01-15T10:39:05","guid":{"rendered":"http:\/\/www.photoclubperignat-allier.com\/?page_id=637"},"modified":"2019-01-15T11:39:05","modified_gmt":"2019-01-15T10:39:05","slug":"biographie-victor-coucosh-2019","status":"publish","type":"page","link":"http:\/\/www.photoclubperignat-allier.com\/?page_id=637","title":{"rendered":"Biographie &#8211; Victor Coucosh 2019"},"content":{"rendered":"\n<p>Note Biographique<\/p>\n\n\n\n<p>Architecte DPLG (Ecole Nationale Sup\u00e9rieure des Beaux-arts,\nParis)<\/p>\n\n\n\n<p>Docteur en Etudes Th\u00e9\u00e2trales (Universit\u00e9 Paris VIII, Paris)<\/p>\n\n\n\n<p>Enseignant&nbsp;:&nbsp;\nUniversit\u00e9 Paris VIII&nbsp;; Ecole des Beaux-Arts (ENSBA)&nbsp;;\nInstitut Fran\u00e7ais de Restauration des \u0153uvres d\u2019Art (IFROA)<\/p>\n\n\n\n<p>AFIAP (Artiste de la F\u00e9d\u00e9ration Internationale d\u2019Art\nPhotographique)<\/p>\n\n\n\n<p>EFIAP (Excellence de la F\u00e9d\u00e9ration Internationale d\u2019Art\nPhotographique)<\/p>\n\n\n\n<p>GPA (Grand Prix d\u2019Auteur de la F\u00e9d\u00e9ration Photographique de France)<\/p>\n\n\n\n<p>Conf\u00e9rencier et animateur de stages photo <\/p>\n\n\n\n<p>R\u00e9dacteur, membre du comit\u00e9 de r\u00e9daction, \u00e0 la revue \u00ab&nbsp;France\nPhotographie&nbsp;\u00bb<\/p>\n\n\n\n<p>Commissaire du concours national bimestriel \u00ab&nbsp;Le\nD\u00e9fi&nbsp;\u00bb<\/p>\n\n\n\n<p>Jury de concours et salons photos fran\u00e7ais et internationaux<\/p>\n\n\n\n<p>Env. 15 expositions personnelles (50 \u00e0 80 photos) en\nFrance&nbsp;; pr\u00e9sent dans plus de 45 salons photos France et\ninternational.&nbsp; <\/p>\n\n\n\n<p>Plus de 50 m\u00e9dailles et distinctions photo, dont 6 m\u00e9dailles\nd\u2019or PSA et FIAP<\/p>\n","protected":false},"excerpt":{"rendered":"<p>Note Biographique Architecte DPLG (Ecole Nationale Sup\u00e9rieure des Beaux-arts, Paris) Docteur en Etudes Th\u00e9\u00e2trales (Universit\u00e9 Paris VIII, Paris) Enseignant&nbsp;:&nbsp; Universit\u00e9 Paris VIII&nbsp;; Ecole des Beaux-Arts (ENSBA)&nbsp;; Institut Fran\u00e7ais de Restauration des \u0153uvres d\u2019Art (IFROA) AFIAP (Artiste de la F\u00e9d\u00e9ration Internationale d\u2019Art Photographique) EFIAP (Excellence de la F\u00e9d\u00e9ration Internationale d\u2019Art Photographique) GPA (Grand Prix d\u2019Auteur de &hellip; <a href=\"http:\/\/www.photoclubperignat-allier.com\/?page_id=637\" class=\"more-link\">Continuer la lecture de <span class=\"screen-reader-text\">Biographie &#8211; Victor Coucosh 2019<\/span>  <span class=\"meta-nav\">&rarr;<\/span><\/a><\/p>\n","protected":false},"author":1,"featured_media":0,"parent":0,"menu_order":0,"comment_status":"closed","ping_status":"closed","template":"","meta":[],"_links":{"self":[{"href":"http:\/\/www.photoclubperignat-allier.com\/index.php?rest_route=\/wp\/v2\/pages\/637"}],"collection":[{"href":"http:\/\/www.photoclubperignat-allier.com\/index.php?rest_route=\/wp\/v2\/pages"}],"about":[{"href":"http:\/\/www.photoclubperignat-allier.com\/index.php?rest_route=\/wp\/v2\/types\/page"}],"author":[{"embeddable":true,"href":"http:\/\/www.photoclubperignat-allier.com\/index.php?rest_route=\/wp\/v2\/users\/1"}],"replies":[{"embeddable":true,"href":"http:\/\/www.photoclubperignat-allier.com\/index.php?rest_route=%2Fwp%2Fv2%2Fcomments&post=637"}],"version-history":[{"count":1,"href":"http:\/\/www.photoclubperignat-allier.com\/index.php?rest_route=\/wp\/v2\/pages\/637\/revisions"}],"predecessor-version":[{"id":638,"href":"http:\/\/www.photoclubperignat-allier.com\/index.php?rest_route=\/wp\/v2\/pages\/637\/revisions\/638"}],"wp:attachment":[{"href":"http:\/\/www.photoclubperignat-allier.com\/index.php?rest_route=%2Fwp%2Fv2%2Fmedia&parent=637"}],"curies":[{"name":"wp","href":"https:\/\/api.w.org\/{rel}","templated":true}]}}