{"id":563,"date":"2017-11-20T13:59:41","date_gmt":"2017-11-20T12:59:41","guid":{"rendered":"http:\/\/www.photoclubperignat-allier.com\/?page_id=563"},"modified":"2017-11-20T14:04:51","modified_gmt":"2017-11-20T13:04:51","slug":"biographie-christian-latreille","status":"publish","type":"page","link":"http:\/\/www.photoclubperignat-allier.com\/?page_id=563","title":{"rendered":"Biographie &#8211; Christian Latreille"},"content":{"rendered":"<p><img decoding=\"async\" loading=\"lazy\" class=\" wp-image-564 alignleft\" src=\"http:\/\/www.photoclubperignat-allier.com\/wp-content\/uploads\/2017\/11\/christian-latreille-219x300.jpg\" alt=\"\" width=\"120\" height=\"164\" srcset=\"http:\/\/www.photoclubperignat-allier.com\/wp-content\/uploads\/2017\/11\/christian-latreille-219x300.jpg 219w, http:\/\/www.photoclubperignat-allier.com\/wp-content\/uploads\/2017\/11\/christian-latreille.jpg 384w\" sizes=\"(max-width: 120px) 100vw, 120px\" \/><strong>Christian LATREILLE<\/strong><br \/>\nPr\u00e9sident photo-club sarladais\u00a0 \u00a0 \u00a0 \u00a0 \u00a0 Commissaire Auteurs\u00a0 UR 14<br \/>\nAmbassadeur FPF<br \/>\nAFPF<\/p>\n<p>Mes d\u00e9buts en photo sont tr\u00e8s lointains : un atelier au coll\u00e8ge anim\u00e9 par un prof b\u00e9n\u00e9vole et la d\u00e9couverte de la magie du labo, des heures pass\u00e9es \u00e0 regarder l&rsquo;album de famille. Je pense que ce sont les deux moments fondateurs de ma passion pour la photo. D&rsquo;un c\u00f4t\u00e9 la magie technique, de l&rsquo;autre l&rsquo;ancrage dans le r\u00e9el et en m\u00eame temps la distorsion d&rsquo;avec la r\u00e9alit\u00e9 : la jeune femme que je voyais sur les photos \u00e9tait cette grand-m\u00e8re septuag\u00e9naire que j&rsquo;adorais ? Ce moment qui avait \u00e9t\u00e9 et ne serait plus jamais.<\/p>\n<p>Bien plus tard, j&rsquo;ai franchi la porte du photo-club sarladais et j&rsquo;ai eu la chance d&rsquo;entrer dans un club qui m&rsquo;a offert une formation technique, une sensibilisation \u00e0 la critique et \u00e0 la lecture de l&rsquo;image et la d\u00e9couverte de la \u00ab\u00a0photographie artistique\u00a0\u00bb.<\/p>\n<p>Alors, bien s\u00fbr, j&rsquo;ai eu des distinctions dans diff\u00e9rents salons, remport\u00e9 plusieurs coupes de France avec mon club, mais est-ce l\u00e0 l&rsquo;essentiel ?<\/p>\n<p>Ayant beaucoup re\u00e7u gr\u00e2ce \u00e0 l&rsquo;id\u00e9e de partage et au b\u00e9n\u00e9volat, j&rsquo;essaie modestement, \u00e0 mon niveau de transmettre, de partager ce que j&rsquo;ai appris, en particulier au sein du photo club sarladais.\u00a0 J&rsquo;essaie de transmettre la notion de doute cr\u00e9atif et mon go\u00fbt pour les images \u00e0 forte charge \u00e9motionnelle ou po\u00e9tique&#8230; tout en poussant mes amis du club \u00e0 d\u00e9velopper leur propre sens cr\u00e9atif.<\/p>\n","protected":false},"excerpt":{"rendered":"<p>Christian LATREILLE Pr\u00e9sident photo-club sarladais\u00a0 \u00a0 \u00a0 \u00a0 \u00a0 Commissaire Auteurs\u00a0 UR 14 Ambassadeur FPF AFPF Mes d\u00e9buts en photo sont tr\u00e8s lointains : un atelier au coll\u00e8ge anim\u00e9 par un prof b\u00e9n\u00e9vole et la d\u00e9couverte de la magie du labo, des heures pass\u00e9es \u00e0 regarder l&rsquo;album de famille. Je pense que ce sont les &hellip; <a href=\"http:\/\/www.photoclubperignat-allier.com\/?page_id=563\" class=\"more-link\">Continuer la lecture de <span class=\"screen-reader-text\">Biographie &#8211; Christian Latreille<\/span>  <span class=\"meta-nav\">&rarr;<\/span><\/a><\/p>\n","protected":false},"author":1,"featured_media":0,"parent":0,"menu_order":0,"comment_status":"closed","ping_status":"closed","template":"","meta":[],"_links":{"self":[{"href":"http:\/\/www.photoclubperignat-allier.com\/index.php?rest_route=\/wp\/v2\/pages\/563"}],"collection":[{"href":"http:\/\/www.photoclubperignat-allier.com\/index.php?rest_route=\/wp\/v2\/pages"}],"about":[{"href":"http:\/\/www.photoclubperignat-allier.com\/index.php?rest_route=\/wp\/v2\/types\/page"}],"author":[{"embeddable":true,"href":"http:\/\/www.photoclubperignat-allier.com\/index.php?rest_route=\/wp\/v2\/users\/1"}],"replies":[{"embeddable":true,"href":"http:\/\/www.photoclubperignat-allier.com\/index.php?rest_route=%2Fwp%2Fv2%2Fcomments&post=563"}],"version-history":[{"count":2,"href":"http:\/\/www.photoclubperignat-allier.com\/index.php?rest_route=\/wp\/v2\/pages\/563\/revisions"}],"predecessor-version":[{"id":566,"href":"http:\/\/www.photoclubperignat-allier.com\/index.php?rest_route=\/wp\/v2\/pages\/563\/revisions\/566"}],"wp:attachment":[{"href":"http:\/\/www.photoclubperignat-allier.com\/index.php?rest_route=%2Fwp%2Fv2%2Fmedia&parent=563"}],"curies":[{"name":"wp","href":"https:\/\/api.w.org\/{rel}","templated":true}]}}